{"id":154,"date":"2020-05-29T20:53:24","date_gmt":"2020-05-29T18:53:24","guid":{"rendered":"https:\/\/www.miracleseasons.sk\/?page_id=154"},"modified":"2022-06-02T12:55:41","modified_gmt":"2022-06-02T10:55:41","slug":"kontakt","status":"publish","type":"page","link":"https:\/\/www.miracleseasons.sk\/en\/kontakt\/","title":{"rendered":"Contact"},"content":{"rendered":"<div class=\"wtbx_vc_row wtbx_vc_row-47787890 wtbx_stretch_row_content wtbx_align_center wtbx-fadeout wtbx_anim_style_1 wtbx_row_fixed_height_screen wtbx_row-flex-align-stretch wtbx_row-content-align-middle wtbx_row-flex  wtbx_disable_height_mobile_landscape\" data-skin=\"light\"><div class=\"wtbx_vc_el_container wtbx_vc_row_container\"><div class=\"wtbx_vc_el_inner wtbx_vc_row_inner\"><div class=\"wtbx_row_wrapper\"><div class=\"wtbx_row_bg\"><div class=\"wtbx_row_bg_inner wtbx-element-reveal wtbx-reveal-cont\"><div class=\"wtbx_row_bg_media_wrapper wtbx-entry-media\"><div class=\"wtbx_row_bg_media\"><div class=\"wtbx-bg-image\"><div class=\"wtbx-bg-image-inner\"><div  class=\"wtbx_row_bg_image wtbx-image lazyload wtbx-lazy wtbx-lazyloaded\" data-bg=\"true\" style=\"background-image: url('https:\/\/www.miracleseasons.sk\/wp-content\/uploads\/2022\/06\/IMG-278-of-472-300x200.jpeg')\" data-sizes=\"auto\" data-path=\"https:\/\/www.miracleseasons.sk\/wp-content\/uploads\/2022\/06\/IMG-278-of-472\" data-dims=\"[&quot;.jpeg 1980w 1320h&quot;,&quot;300x200.jpeg 300w 200h&quot;,&quot;1024x683.jpeg 1024w 683h&quot;,&quot;768x512.jpeg 768w 512h&quot;,&quot;1536x1024.jpeg 1536w 1024h&quot;,&quot;1440x960.jpeg 1440w 960h&quot;,&quot;1920x1280.jpeg 1920w 1280h&quot;]\" data-ratio=\"66.67\" aria-label=\"IMG-(278-of-472)\"><\/div><\/div><\/div><\/div><\/div><div class=\"wtbx_row_bg_overlay\"><\/div><\/div><\/div><div class=\"wtbx_row_content clearfix\"><div class=\"wtbx_row_content_wrapper\"><div class=\"wtbx_row_content_inner clearfix\"><div class=\"wtbx_vc_column vc_col-sm-12 wtbx_with_image wtbx_vc_column-47803817\"><div class=\"wtbx_vc_el_container wtbx_vc_column_container\"><div class=\"wtbx_vc_el_inner wtbx_vc_column_inner\"><div class=\"wtbx_column_wrapper clearfix\"><div class=\"wtbx_column_content\"><div class=\"wtbx_vc_row wtbx_vc_inner_row wtbx_vc_inner_row-47804870 wtbx_stretch_row\"><div class=\"wtbx_vc_el_container wtbx_vc_inner_row_container\"><div class=\"wtbx_vc_el_inner wtbx_vc_inner_row_inner\"><div class=\"wtbx_inner_row_wrapper\"><div class=\"wtbx_inner_row_bg\"><div class=\"wtbx_inner_row_bg_inner wtbx-element-reveal wtbx-reveal-cont\"><div class=\"wtbx_inner_row_bg_media_wrapper wtbx-entry-media\"><div class=\"wtbx_inner_row_bg_media\"><\/div><\/div><\/div><\/div><div class=\"wtbx_inner_row_content clearfix\"><div class=\"wtbx_inner_row_content_wrapper\"><div class=\"wtbx_inner_row_content_inner clearfix\"><div class=\"wtbx_vc_inner_column vc_col-sm-12 wtbx_with_image wtbx_vc_inner_column-47805716\"><div class=\"wtbx_vc_el_container wtbx_vc_inner_column_container\"><div class=\"wtbx_vc_el_inner wtbx_vc_inner_column_inner\"><div class=\"wtbx_inner_column_bg\"><div class=\"wtbx_inner_column_bg_inner wtbx-element-reveal wtbx-reveal-cont\"><\/div><\/div><div class=\"wtbx_inner_column_wrapper clearfix\"><div class=\"wtbx_inner_column_content\"><div class=\"wtbx_vc_styled_heading wtbx_vc_styled_heading-47806399 wtbx_style_default wtbx_appearance_animation wtbx-anim-fade-in wtbx-duration-1000 wtbx_easing-natural\"><div class=\"wtbx_vc_el_container wtbx_vc_styled_heading_container clearfix\"><div class=\"wtbx_vc_el_inner wtbx_vc_styled_heading_inner\"><div class=\"wtbx_heading_el_title_wrapper h1\"><h1 class=\"wtbx_heading_el_title\">Apartm\u00e1ny v srdci Dem\u00e4novej<\/h1><\/div><\/div><\/div><\/div>\n\n<div class=\"wtbx_vc_empty_space wtbx_vc_empty_space-47806964\">\n\t\t<span class=\"wtbx_empty_space_inner\"><\/span>\n<\/div>\n<\/div><\/div><\/div><\/div><\/div><\/div><\/div><\/div><\/div><\/div><\/div><\/div><\/div><\/div><\/div><\/div><\/div><\/div><\/div><\/div><\/div><\/div><\/div><\/div><div class=\"wtbx_vc_row wtbx_vc_row-47808031 wtbx_stretch_row wtbx_anim_style_1  wtbx_disable_height_mobile_landscape\" data-skin=\"light\"><div class=\"wtbx_vc_el_container wtbx_vc_row_container\"><div class=\"wtbx_vc_el_inner wtbx_vc_row_inner\"><div class=\"wtbx_row_wrapper\"><div class=\"wtbx_row_bg\"><\/div><div class=\"wtbx_row_content clearfix\"><div class=\"wtbx_row_content_wrapper\"><div class=\"wtbx_row_content_inner clearfix\"><div class=\"wtbx_vc_column vc_col-sm-6 wtbx_with_image wtbx_vc_column-47809247\"><div class=\"wtbx_vc_el_container wtbx_vc_column_container\"><div class=\"wtbx_vc_el_inner wtbx_vc_column_inner\"><div class=\"wtbx_column_wrapper clearfix\"><div class=\"wtbx_column_content\"><div class=\"wtbx_vc_styled_heading wtbx_vc_styled_heading-47809870 wtbx_style_default wtbx_align_left\"><div class=\"wtbx_vc_el_container wtbx_vc_styled_heading_container clearfix\"><div class=\"wtbx_vc_el_inner wtbx_vc_styled_heading_inner\"><div class=\"wtbx_heading_el_title_wrapper h1\"><h1 class=\"wtbx_heading_el_title\">Na\u0161e kontakty<\/h1><\/div><\/div><\/div><\/div>\n\n<div class=\"wtbx_vc_empty_space wtbx_vc_empty_space-47810202\">\n\t\t<span class=\"wtbx_empty_space_inner\"><\/span>\n<\/div>\n<div class=\"wtbx_vc_service wtbx_vc_service-47810626 wtbx_style_left wtbx_bullet_cont_empty wtbx_bullet_no_shadow wtbx_bullet_no_border\"><div class=\"wtbx_vc_el_container wtbx_vc_service_container\"><div class=\"wtbx_vc_el_inner wtbx_vc_service_inner icon_anim_container\"><div class=\"wtbx_service_bullet\"><div class=\"wtbx_service_bullet_inner wtbx_service_bullet_icon\"><i class=\"scape-basic-Phone wtbx_vc_icon\"><\/i><\/div><\/div><div class=\"wtbx_service_content\"><div class=\"wtbx_service_title wtbx_textholder\">+421 949 138 382<\/div><\/div><\/div><\/div><\/div>\n\n<div class=\"wtbx_vc_empty_space wtbx_vc_empty_space-47810814\">\n\t\t<span class=\"wtbx_empty_space_inner\"><\/span>\n<\/div>\n<div class=\"wtbx_vc_service wtbx_vc_service-47811042 wtbx_style_left wtbx_bullet_cont_empty wtbx_bullet_no_shadow wtbx_bullet_no_border\"><div class=\"wtbx_vc_el_container wtbx_vc_service_container\"><div class=\"wtbx_vc_el_inner wtbx_vc_service_inner icon_anim_container\"><div class=\"wtbx_service_bullet\"><div class=\"wtbx_service_bullet_inner wtbx_service_bullet_icon\"><i class=\"scape-tech-Mail wtbx_vc_icon\"><\/i><\/div><\/div><div class=\"wtbx_service_content\"><div class=\"wtbx_service_title wtbx_textholder\">info@miracleseasons.sk<\/div><\/div><\/div><\/div><\/div>\n\n<div class=\"wtbx_vc_empty_space wtbx_vc_empty_space-47811185\">\n\t\t<span class=\"wtbx_empty_space_inner\"><\/span>\n<\/div>\n<div class=\"wtbx_vc_service wtbx_vc_service-47811402 wtbx_style_left wtbx_bullet_cont_empty wtbx_bullet_no_shadow wtbx_bullet_no_border\"><div class=\"wtbx_vc_el_container wtbx_vc_service_container\"><div class=\"wtbx_vc_el_inner wtbx_vc_service_inner icon_anim_container\"><div class=\"wtbx_service_bullet\"><div class=\"wtbx_service_bullet_inner wtbx_service_bullet_icon\"><i class=\"scape-basic-Location-2 wtbx_vc_icon\"><\/i><\/div><\/div><div class=\"wtbx_service_content\"><div class=\"wtbx_service_title wtbx_textholder\">Miracle Seasons<\/div><div class=\"wtbx_service_descr wtbx_textholder\"><p>Dem\u00e4nov\u00e1 558\/54<\/p>\n<p>Liptovsk\u00fd Mikul\u00e1\u0161<\/p>\n<p>03101<\/p>\n<p>Slovensko<\/p>\n<\/div><\/div><\/div><\/div><\/div>\n\n<div class=\"wtbx_vc_empty_space wtbx_vc_empty_space-47811735\">\n\t\t<span class=\"wtbx_empty_space_inner\"><\/span>\n<\/div>\n<div class=\"wtbx_vc_social_icons wtbx_vc_social_icons-47812030 wtbx_style_2\"><div class=\"wtbx_vc_el_container wtbx_vc_social_icons_container\"><div class=\"wtbx_vc_el_inner wtbx_vc_social_icons_inner\"><ul class=\"wtbx_social_icons_wrapper\"><li class=\"wtbx_social_icon wtbx_vc_child_container facebook wtbx_size_3\"><a class=\"wtbx_style_2 wtbx_default_custom wtbx_hover_branded wtbx_default_bg_branded wtbx_hover_bg_branded\" href=\"https:\/\/www.facebook.com\/Miracle-Seasons-100280851841406\"><i class=\"scape-ui-facebook\"><\/i><\/a><\/li><\/ul><\/div><\/div><\/div>\n\n<div class=\"wtbx_vc_empty_space wtbx_vc_empty_space-47812217\">\n\t\t<span class=\"wtbx_empty_space_inner\"><\/span>\n<\/div>\n<div class=\"wtbx_vc_button wtbx_vc_button-47813009 wtbx_style_link wtbx_size_4 wtbx_display_block wtbx_arrow_right\"><div class=\"wtbx_vc_el_container wtbx_vc_button_container\"><div class=\"wtbx_vc_el_inner wtbx_vc_button_inner\"><a  href=\"https:\/\/www.google.sk\/maps\/dir\/\/Miracle+Seasons,+Dem%C3%A4novsk%C3%A1+cesta+558%2F54,+031+01+Liptovsk%C3%BD+Mikul%C3%A1%C5%A1-Dem%C3%A4nov%C3%A1\/@49.0570933,19.5808126,18z\/data=!4m9!4m8!1m0!1m5!1m1!1s0x47159f13b81c0101:0x4e3d83299d6a98d6!2m2!1d19.5807479!2d49.0565909!3e0\" target=\"_self\" class=\"wtbx-button wtbx-button-link\"><span class=\"wtbx_button_inner\">Navigova\u0165 pomocou Google m\u00e1p<\/span><svg class=\"wtbx_link_arrow\" viewBox=\"0 0 813 486\" xmlns=\"http:\/\/www.w3.org\/2000\/svg\"><rect class=\"bar\" height=\"60\" rx=\"30\" width=\"800\" y=\"213\"\/><path class=\"chevron\" d=\"m793.388955 224.472433c9.626991 11.783528 8.945751 29.177709-2.043717 40.167177l-200.139611 200.139611c-11.715728 11.715728-30.710678 11.715728-42.426406 0-11.715729-11.715729-11.715729-30.710679 0-42.426407l179.073593-179.073593-179.352814-179.3528141c-11.715729-11.7157288-11.715729-30.7106781 0-42.4264069 11.715729-11.71572875 30.710678-11.71572875 42.426407 0l199.418831 199.418831c1.122031 1.122031 2.136603 2.310828 3.043717 3.553602z\"\/><\/svg><\/a><\/div><\/div><\/div><\/div><\/div><\/div><\/div><\/div><div class=\"wtbx_vc_column vc_col-sm-6 wtbx_with_image wtbx_vc_column-47813424\"><div class=\"wtbx_vc_el_container wtbx_vc_column_container\"><div class=\"wtbx_vc_el_inner wtbx_vc_column_inner\"><div class=\"wtbx_column_wrapper clearfix\"><div class=\"wtbx_column_content\"><div class=\"wtbx_vc_styled_heading wtbx_vc_styled_heading-47813919 wtbx_style_default wtbx_align_left\"><div class=\"wtbx_vc_el_container wtbx_vc_styled_heading_container clearfix\"><div class=\"wtbx_vc_el_inner wtbx_vc_styled_heading_inner\"><div class=\"wtbx_heading_el_title_wrapper h3\"><h3 class=\"wtbx_heading_el_title\">Nap\u00ed\u0161te n\u00e1m<\/h3><\/div><\/div><\/div><\/div><div class=\"wtbx_vc_text_element wtbx_vc_text_element-47814226 wtbx_display_block\"><div class=\"wtbx_vc_el_container wtbx_vc_text_element_container\"><div class=\"wtbx_text_element_content\"><div class=\"wtbx_text_element_inner\"><p>Nev\u00e1hajte n\u00e1s kontaktova\u0165 pomocou kontaktn\u00e9ho formul\u00e1ru a my sa V\u00e1m ozveme.<\/p>\n<\/div><\/div><\/div><\/div>\n<div class=\"wpcf7 no-js\" id=\"wpcf7-f194-o1\" lang=\"sk-SK\" dir=\"ltr\" data-wpcf7-id=\"194\">\n<div class=\"screen-reader-response\"><p role=\"status\" aria-live=\"polite\" aria-atomic=\"true\"><\/p> <ul><\/ul><\/div>\n<form action=\"\/en\/wp-json\/wp\/v2\/pages\/154#wpcf7-f194-o1\" method=\"post\" class=\"wpcf7-form init\" aria-label=\"Kontaktn\u00fd formul\u00e1r\" novalidate=\"novalidate\" data-status=\"init\">\n<fieldset class=\"hidden-fields-container\"><input type=\"hidden\" name=\"_wpcf7\" value=\"194\" \/><input type=\"hidden\" name=\"_wpcf7_version\" value=\"6.1.5\" \/><input type=\"hidden\" name=\"_wpcf7_locale\" value=\"sk_SK\" \/><input type=\"hidden\" name=\"_wpcf7_unit_tag\" value=\"wpcf7-f194-o1\" \/><input type=\"hidden\" name=\"_wpcf7_container_post\" value=\"0\" \/><input type=\"hidden\" name=\"_wpcf7_posted_data_hash\" value=\"\" \/><input type=\"hidden\" name=\"_wpcf7_recaptcha_response\" value=\"\" \/>\n<\/fieldset>\n<p><label> Va\u0161e meno (povinn\u00e9)<br \/>\n<span class=\"wpcf7-form-control-wrap\" data-name=\"your-name\"><input size=\"40\" maxlength=\"400\" class=\"wpcf7-form-control wpcf7-text wpcf7-validates-as-required\" aria-required=\"true\" aria-invalid=\"false\" value=\"\" type=\"text\" name=\"your-name\" \/><\/span> <\/label>\n<\/p>\n<p><label> V\u00e1\u0161 email (povinn\u00e9)<br \/>\n<span class=\"wpcf7-form-control-wrap\" data-name=\"your-email\"><input size=\"40\" maxlength=\"400\" class=\"wpcf7-form-control wpcf7-email wpcf7-validates-as-required wpcf7-text wpcf7-validates-as-email\" aria-required=\"true\" aria-invalid=\"false\" value=\"\" type=\"email\" name=\"your-email\" \/><\/span> <\/label>\n<\/p>\n<p><label> V\u00e1\u0161 telefon<br \/>\n<span class=\"wpcf7-form-control-wrap\" data-name=\"your-phone\"><input size=\"40\" maxlength=\"400\" class=\"wpcf7-form-control wpcf7-tel wpcf7-text wpcf7-validates-as-tel\" aria-invalid=\"false\" value=\"\" type=\"tel\" name=\"your-phone\" \/><\/span> <\/label>\n<\/p>\n<p><label> Va\u0161a spr\u00e1va<br \/>\n<span class=\"wpcf7-form-control-wrap\" data-name=\"your-message\"><textarea cols=\"40\" rows=\"10\" maxlength=\"2000\" class=\"wpcf7-form-control wpcf7-textarea\" aria-invalid=\"false\" name=\"your-message\"><\/textarea><\/span> <\/label>\n<\/p>\n<p><input class=\"wpcf7-form-control wpcf7-submit has-spinner\" type=\"submit\" value=\"Odosla\u0165\" \/>\n<\/p><div class=\"wpcf7-response-output\" aria-hidden=\"true\"><\/div>\n<\/form>\n<\/div>\n<div class=\"wtbx_vc_text_element wtbx_vc_text_element-47830461 wtbx_display_block\"><div class=\"wtbx_vc_el_container wtbx_vc_text_element_container\"><div class=\"wtbx_text_element_content\"><div class=\"wtbx_text_element_inner\"><p><a href=\"\/gdpr\/\">Ochrana osobn\u00fdch \u00fadajov<\/a><\/p>\n<\/div><\/div><\/div><\/div><\/div><\/div><\/div><\/div><\/div><\/div><\/div><\/div><\/div><\/div><\/div><\/div><div class=\"wtbx_vc_row wtbx_vc_row-47831166 wtbx_stretch_row_content wtbx_anim_style_1\" data-skin=\"light\"><div class=\"wtbx_vc_el_container wtbx_vc_row_container\"><div class=\"wtbx_vc_el_inner wtbx_vc_row_inner\"><div class=\"wtbx_row_wrapper\"><div class=\"wtbx_row_content clearfix\"><div class=\"wtbx_row_content_wrapper\"><div class=\"wtbx_row_content_inner clearfix\"><div class=\"wtbx_vc_column vc_col-sm-12 wtbx_with_image wtbx_vc_column-47832058\"><div class=\"wtbx_vc_el_container wtbx_vc_column_container\"><div class=\"wtbx_vc_el_inner wtbx_vc_column_inner\"><div class=\"wtbx_column_wrapper clearfix\"><div class=\"wtbx_column_content\"><div class=\"wtbx_vc_google_map wtbx_vc_google_map-47833260\"><div class=\"wtbx-gdpr-noconsent-wrapper\" data-type=\"google-maps\"><div class=\"wtbx-gdpr-noconsent-poster\"><\/div><div class=\"wtbx-gdpr-noconsent-content\"><div class=\"wtbx-gdpr-noconsent-inner\"><div class=\"wtbx-gdpr-noconsent-icon\"><\/div><div class=\"wtbx-gdpr-noconsent-text\">This content is blocked, please review your <a href=\"#\" class=\"gdpr-preferences\">Privacy Preferences<\/a><\/div><\/div><\/div><\/div><\/div><\/div><\/div><\/div><\/div><\/div><\/div><\/div><\/div><\/div><\/div><\/div><\/div><div class=\"wtbx_vc_row wtbx_vc_row-47833831 wtbx_stretch_row wtbx_anim_style_1\" data-skin=\"light\"><div class=\"wtbx_vc_el_container wtbx_vc_row_container\"><div class=\"wtbx_vc_el_inner wtbx_vc_row_inner\"><div class=\"wtbx_row_wrapper\"><div class=\"wtbx_row_content clearfix\"><div class=\"wtbx_row_content_wrapper\"><div class=\"wtbx_row_content_inner clearfix\"><div class=\"wtbx_vc_column vc_col-sm-12 wtbx_with_image wtbx_vc_column-47834567\"><div class=\"wtbx_vc_el_container wtbx_vc_column_container\"><div class=\"wtbx_vc_el_inner wtbx_vc_column_inner\"><div class=\"wtbx_column_wrapper clearfix\"><div class=\"wtbx_column_content\">\n\n<div class=\"wtbx_vc_empty_space wtbx_vc_empty_space-47834929\">\n\t\t<span class=\"wtbx_empty_space_inner\"><\/span>\n<\/div>\n<div class=\"wtbx_vc_styled_heading wtbx_vc_styled_heading-47835146 wtbx_style_default\"><div class=\"wtbx_vc_el_container wtbx_vc_styled_heading_container clearfix\"><div class=\"wtbx_vc_el_inner wtbx_vc_styled_heading_inner\"><div class=\"wtbx_heading_el_title_wrapper h1\"><h1 class=\"wtbx_heading_el_title\">\u010cast\u00e9 ot\u00e1zky<\/h1><\/div><\/div><\/div><\/div><div class=\"wtbx_vc_expandable_list wtbx_vc_expandable_list-47835864 wtbx_style_boxed wtbx_skin_light\"><div class=\"wtbx_vc_el_container wtbx_vc_expandable_list_container\"><div class=\"wtbx_vc_el_inner wtbx_vc_expandable_list_inner\"><div class=\"wtbx_vc_child_container\"><div class=\"wtbx_vc_exp_list_item wtbx_vc_exp_list_item-47836382 wtbx_with_bullet\"><div class=\"wtbx_exp_list_item_inner\"><div class=\"wtbx_exp_list_title_wrapper\"><div class=\"wtbx_exp_list_bullet\"><div class=\"wtbx_exp_list_bullet_plus\"><\/div><\/div><div class=\"wtbx_exp_list_title\"><div class=\"wtbx_exp_list_title_wrap\">Kedy je check-in a check-out?<\/div><\/div><\/div><div class=\"wtbx_exp_list_content_wrapper\"><div class=\"wtbx_exp_list_content\"><div class=\"wtbx_vc_text_element wtbx_vc_text_element-47836750 wtbx_display_block wtbx_disable_margin\"><div class=\"wtbx_vc_el_container wtbx_vc_text_element_container\"><div class=\"wtbx_text_element_content\"><div class=\"wtbx_text_element_inner\"><p><strong>Check in j<\/strong>e mo\u017en\u00fd od<strong> 14:00 hod <\/strong>na recepci\u00ed. Recepcia je k dispoz\u00edci\u00ed do 20:00 hod. V pr\u00edpade, \u017ee sa dostav\u00edte na pobyt po 20:00 hod, nech\u00e1me V\u00e1m k\u013e\u00fa\u010d od apartm\u00e1nu v bezpe\u010dnostnej schr\u00e1nke. <strong>Check out<\/strong> je do <strong>10:00 hod.<\/strong><\/p>\n<\/div><\/div><\/div><\/div>\n<\/div><\/div><\/div><\/div><\/div><div class=\"wtbx_vc_child_container\"><div class=\"wtbx_vc_exp_list_item wtbx_vc_exp_list_item-47836999 wtbx_with_bullet\"><div class=\"wtbx_exp_list_item_inner\"><div class=\"wtbx_exp_list_title_wrapper\"><div class=\"wtbx_exp_list_bullet\"><div class=\"wtbx_exp_list_bullet_plus\"><\/div><\/div><div class=\"wtbx_exp_list_title\"><div class=\"wtbx_exp_list_title_wrap\">Ako sa k n\u00e1m dostanete?<\/div><\/div><\/div><div class=\"wtbx_exp_list_content_wrapper\"><div class=\"wtbx_exp_list_content\"><div class=\"wtbx_vc_text_element wtbx_vc_text_element-47837218 wtbx_display_block wtbx_disable_margin\"><div class=\"wtbx_vc_el_container wtbx_vc_text_element_container\"><div class=\"wtbx_text_element_content\"><div class=\"wtbx_text_element_inner\"><p>Na dia\u013enici D1 pou\u017eite zjazd na Dem\u00e4novsk\u00fa Dolinu \/ Jasn\u00fa a pokra\u010dujte 2km hlavnou cestou smerom na stredisko Jasn\u00e1.\u00a0 V pr\u00edpade ak prich\u00e1dzate z Liptovsk\u00e9ho Mikul\u00e1\u0161a pou\u017eijte kruhov\u00fd objazd a pou\u017eijete v\u00fdjazd smer Dem\u00e4novsk\u00e1 Dolina \/ Jasn\u00e1.<\/p>\n<\/div><\/div><\/div><\/div>\n<\/div><\/div><\/div><\/div><\/div><div class=\"wtbx_vc_child_container\"><div class=\"wtbx_vc_exp_list_item wtbx_vc_exp_list_item-47837422 wtbx_with_bullet\"><div class=\"wtbx_exp_list_item_inner\"><div class=\"wtbx_exp_list_title_wrapper\"><div class=\"wtbx_exp_list_bullet\"><div class=\"wtbx_exp_list_bullet_plus\"><\/div><\/div><div class=\"wtbx_exp_list_title\"><div class=\"wtbx_exp_list_title_wrap\">D\u00e1 sa u n\u00e1s platit platonou kartou?<\/div><\/div><\/div><div class=\"wtbx_exp_list_content_wrapper\"><div class=\"wtbx_exp_list_content\"><div class=\"wtbx_vc_text_element wtbx_vc_text_element-47837634 wtbx_display_block wtbx_disable_margin\"><div class=\"wtbx_vc_el_container wtbx_vc_text_element_container\"><div class=\"wtbx_text_element_content\"><div class=\"wtbx_text_element_inner\"><p>\u00c1no platba kartou je mo\u017en\u00e1, s v\u00fdnimkou American Express.<\/p>\n<\/div><\/div><\/div><\/div>\n<\/div><\/div><\/div><\/div><\/div><div class=\"wtbx_vc_child_container\"><div class=\"wtbx_vc_exp_list_item wtbx_vc_exp_list_item-47837838 wtbx_with_bullet\"><div class=\"wtbx_exp_list_item_inner\"><div class=\"wtbx_exp_list_title_wrapper\"><div class=\"wtbx_exp_list_bullet\"><div class=\"wtbx_exp_list_bullet_plus\"><\/div><\/div><div class=\"wtbx_exp_list_title\"><div class=\"wtbx_exp_list_title_wrap\">S\u00fa v Miracle Seasons povolen\u00e9 zvierat\u00e1?<\/div><\/div><\/div><div class=\"wtbx_exp_list_content_wrapper\"><div class=\"wtbx_exp_list_content\"><div class=\"wtbx_vc_text_element wtbx_vc_text_element-47838052 wtbx_display_block wtbx_disable_margin\"><div class=\"wtbx_vc_el_container wtbx_vc_text_element_container\"><div class=\"wtbx_text_element_content\"><div class=\"wtbx_text_element_inner\"><p>Z hygienick\u00fdch d\u00f4vodov vstup s dom\u00e1cimi zvieratami <strong>nie je povolen\u00fd.<\/strong><\/p>\n<\/div><\/div><\/div><\/div>\n<\/div><\/div><\/div><\/div><\/div><div class=\"wtbx_vc_child_container\"><div class=\"wtbx_vc_exp_list_item wtbx_vc_exp_list_item-47838263 wtbx_with_bullet\"><div class=\"wtbx_exp_list_item_inner\"><div class=\"wtbx_exp_list_title_wrapper\"><div class=\"wtbx_exp_list_bullet\"><div class=\"wtbx_exp_list_bullet_plus\"><\/div><\/div><div class=\"wtbx_exp_list_title\"><div class=\"wtbx_exp_list_title_wrap\">Je mo\u017en\u00e9 vystavi\u0165 doklad pre zamestn\u00e1vate\u013ea ( rekrea\u010dn\u00fd poukaz)?<\/div><\/div><\/div><div class=\"wtbx_exp_list_content_wrapper\"><div class=\"wtbx_exp_list_content\"><div class=\"wtbx_vc_text_element wtbx_vc_text_element-47838468 wtbx_display_block wtbx_disable_margin\"><div class=\"wtbx_vc_el_container wtbx_vc_text_element_container\"><div class=\"wtbx_text_element_content\"><div class=\"wtbx_text_element_inner\"><p>\u00c1no pri odchode V\u00e1m vystav\u00edme doklad potrebn\u00fd na uplatnenie rekrea\u010dn\u00e9ho poukazu.<\/p>\n<\/div><\/div><\/div><\/div>\n<\/div><\/div><\/div><\/div><\/div><\/div><\/div><\/div><\/div><\/div><\/div><\/div><\/div><\/div><\/div><\/div><\/div><\/div><\/div><\/div>\n","protected":false},"excerpt":{"rendered":"Apartm\u00e1ny v srdci Dem\u00e4novej Na\u0161e kontakty +421 949 138 382 info@miracleseasons.sk Miracle SeasonsDem\u00e4nov\u00e1 558\/54 Liptovsk\u00fd Mikul\u00e1\u0161 03101 Slovensko Navigova\u0165 pomocou Google m\u00e1pNap\u00ed\u0161te n\u00e1mNev\u00e1hajte n\u00e1s kontaktova\u0165 pomocou kontaktn\u00e9ho formul\u00e1ru a my sa V\u00e1m ozveme. Va\u0161e meno (povinn\u00e9) V\u00e1\u0161 email (povinn\u00e9) V\u00e1\u0161 telefon Va\u0161a spr\u00e1va Ochrana osobn\u00fdch \u00fadajov This content is blocked, please review your Privacy Preferences \u010cast\u00e9 ot\u00e1zkyKedy je check-in a check-out?Check in je mo\u017en\u00fd od 14:00 hod na recepci\u00ed. Recepcia je k dispoz\u00edci\u00ed do 20:00 [...]","protected":false},"author":1,"featured_media":627,"parent":0,"menu_order":0,"comment_status":"closed","ping_status":"closed","template":"","meta":{"_monsterinsights_skip_tracking":false,"_monsterinsights_sitenote_active":false,"_monsterinsights_sitenote_note":"","_monsterinsights_sitenote_category":0,"footnotes":""},"class_list":["post-154","page","type-page","status-publish","has-post-thumbnail","hentry"],"aioseo_notices":[],"_links":{"self":[{"href":"https:\/\/www.miracleseasons.sk\/en\/wp-json\/wp\/v2\/pages\/154","targetHints":{"allow":["GET"]}}],"collection":[{"href":"https:\/\/www.miracleseasons.sk\/en\/wp-json\/wp\/v2\/pages"}],"about":[{"href":"https:\/\/www.miracleseasons.sk\/en\/wp-json\/wp\/v2\/types\/page"}],"author":[{"embeddable":true,"href":"https:\/\/www.miracleseasons.sk\/en\/wp-json\/wp\/v2\/users\/1"}],"replies":[{"embeddable":true,"href":"https:\/\/www.miracleseasons.sk\/en\/wp-json\/wp\/v2\/comments?post=154"}],"version-history":[{"count":90,"href":"https:\/\/www.miracleseasons.sk\/en\/wp-json\/wp\/v2\/pages\/154\/revisions"}],"predecessor-version":[{"id":848,"href":"https:\/\/www.miracleseasons.sk\/en\/wp-json\/wp\/v2\/pages\/154\/revisions\/848"}],"wp:featuredmedia":[{"embeddable":true,"href":"https:\/\/www.miracleseasons.sk\/en\/wp-json\/wp\/v2\/media\/627"}],"wp:attachment":[{"href":"https:\/\/www.miracleseasons.sk\/en\/wp-json\/wp\/v2\/media?parent=154"}],"curies":[{"name":"wp","href":"https:\/\/api.w.org\/{rel}","templated":true}]}}