{"id":585,"date":"2020-09-20T18:37:20","date_gmt":"2020-09-20T16:37:20","guid":{"rendered":"https:\/\/www.miracleseasons.sk\/?page_id=585"},"modified":"2020-10-10T14:03:08","modified_gmt":"2020-10-10T12:03:08","slug":"region-liptov","status":"publish","type":"page","link":"https:\/\/www.miracleseasons.sk\/en\/region-liptov\/","title":{"rendered":"Liptov region"},"content":{"rendered":"<div class=\"wtbx_vc_row wtbx_vc_row-165963238 wtbx_stretch_row_content wtbx_align_center wtbx-fadeout wtbx_anim_style_1 wtbx_row_fixed_height_screen wtbx_row-flex-align-stretch wtbx_row-content-align-middle wtbx_row-flex  wtbx_disable_height_mobile_landscape\" data-skin=\"light\"><div class=\"wtbx_vc_el_container wtbx_vc_row_container\"><div class=\"wtbx_vc_el_inner wtbx_vc_row_inner\"><div class=\"wtbx_row_wrapper\"><div class=\"wtbx_row_bg\"><div class=\"wtbx_row_bg_inner wtbx-element-reveal wtbx-reveal-cont\"><div class=\"wtbx_row_bg_media_wrapper wtbx-entry-media\"><div class=\"wtbx_row_bg_media\"><div class=\"wtbx-bg-image\"><div class=\"wtbx-bg-image-inner\"><div  class=\"wtbx_row_bg_image wtbx-image lazyload wtbx-lazy wtbx-lazyloaded\" data-bg=\"true\" style=\"background-image: url('https:\/\/www.miracleseasons.sk\/wp-content\/uploads\/2020\/09\/miracle-seasons-title-regionliptov-300x169.jpg')\" data-sizes=\"auto\" data-path=\"https:\/\/www.miracleseasons.sk\/wp-content\/uploads\/2020\/09\/miracle-seasons-title-regionliptov\" data-dims=\"[&quot;.jpg 1920w 1080h&quot;,&quot;300x169.jpg 300w 169h&quot;,&quot;1024x576.jpg 1024w 576h&quot;,&quot;768x432.jpg 768w 432h&quot;,&quot;1536x864.jpg 1536w 864h&quot;,&quot;1440x810.jpg 1440w 810h&quot;]\" data-ratio=\"56.25\" aria-label=\"miracle-seasons-title-regionliptov\"><\/div><\/div><\/div><\/div><\/div><div class=\"wtbx_row_bg_overlay\"><\/div><\/div><\/div><div class=\"wtbx_row_content clearfix\"><div class=\"wtbx_row_content_wrapper\"><div class=\"wtbx_row_content_inner clearfix\"><div class=\"wtbx_vc_column vc_col-sm-12 wtbx_with_image wtbx_vc_column-165975864\"><div class=\"wtbx_vc_el_container wtbx_vc_column_container\"><div class=\"wtbx_vc_el_inner wtbx_vc_column_inner\"><div class=\"wtbx_column_wrapper clearfix\"><div class=\"wtbx_column_content\"><div class=\"wtbx_vc_row wtbx_vc_inner_row wtbx_vc_inner_row-165976775 wtbx_stretch_row\"><div class=\"wtbx_vc_el_container wtbx_vc_inner_row_container\"><div class=\"wtbx_vc_el_inner wtbx_vc_inner_row_inner\"><div class=\"wtbx_inner_row_wrapper\"><div class=\"wtbx_inner_row_bg\"><div class=\"wtbx_inner_row_bg_inner wtbx-element-reveal wtbx-reveal-cont\"><div class=\"wtbx_inner_row_bg_media_wrapper wtbx-entry-media\"><div class=\"wtbx_inner_row_bg_media\"><\/div><\/div><\/div><\/div><div class=\"wtbx_inner_row_content clearfix\"><div class=\"wtbx_inner_row_content_wrapper\"><div class=\"wtbx_inner_row_content_inner clearfix\"><div class=\"wtbx_vc_inner_column vc_col-sm-12 wtbx_with_image wtbx_vc_inner_column-165977539\"><div class=\"wtbx_vc_el_container wtbx_vc_inner_column_container\"><div class=\"wtbx_vc_el_inner wtbx_vc_inner_column_inner\"><div class=\"wtbx_inner_column_bg\"><div class=\"wtbx_inner_column_bg_inner wtbx-element-reveal wtbx-reveal-cont\"><\/div><\/div><div class=\"wtbx_inner_column_wrapper clearfix\"><div class=\"wtbx_inner_column_content\"><div class=\"wtbx_vc_styled_heading wtbx_vc_styled_heading-165978063 wtbx_style_default wtbx_appearance_animation wtbx-anim-fade-in wtbx-duration-1000 wtbx_easing-natural\"><div class=\"wtbx_vc_el_container wtbx_vc_styled_heading_container clearfix\"><div class=\"wtbx_vc_el_inner wtbx_vc_styled_heading_inner\"><div class=\"wtbx_heading_el_title_wrapper h1\"><h1 class=\"wtbx_heading_el_title\">Objavte kr\u00e1sy Liptova<\/h1><\/div><\/div><\/div><\/div>\n\n<div class=\"wtbx_vc_empty_space wtbx_vc_empty_space-165978452\">\n\t\t<span class=\"wtbx_empty_space_inner\"><\/span>\n<\/div>\n<\/div><\/div><\/div><\/div><\/div><\/div><\/div><\/div><\/div><\/div><\/div><\/div><\/div><\/div><\/div><\/div><\/div><\/div><\/div><\/div><\/div><\/div><\/div><\/div><div class=\"wtbx_vc_row wtbx_vc_row-165979083 wtbx_stretch_row_content wtbx_anim_style_1\" data-skin=\"light\"><div class=\"wtbx_vc_el_container wtbx_vc_row_container\"><div class=\"wtbx_vc_el_inner wtbx_vc_row_inner\"><div class=\"wtbx_row_wrapper\"><div class=\"wtbx_row_content clearfix\"><div class=\"wtbx_row_content_wrapper\"><div class=\"wtbx_row_content_inner clearfix\"><div class=\"wtbx_vc_column vc_col-sm-12 wtbx_with_image wtbx_vc_column-165979928\"><div class=\"wtbx_vc_el_container wtbx_vc_column_container\"><div class=\"wtbx_vc_el_inner wtbx_vc_column_inner\"><div class=\"wtbx_column_wrapper clearfix\"><div class=\"wtbx_column_content\"><div class=\"wtbx_vc_section_divider wtbx_vc_section_divider-165980427\"><div class=\"wtbx-section-decoration wtbx-decoration-layered-1\"><svg xmlns=\"http:\/\/www.w3.org\/2000\/svg\" version=\"1.1\" width=\"100%\" height=\"100%\" viewBox=\"0 0 100 100\" preserveAspectRatio=\"none\"><path d=\"M4.4408921e-15,8.16369858 C2.13175456,3.16793204 4.70743815,0.670048765 7.72705078,0.670048765 C18.4671021,0.670048765 22.2784424,43.4806415 34.4662476,43.4806415 C47.1838379,43.4806415 47.9907032,25.7087262 58.7713972,25.7087262 C72.0083967,25.7087262 77.9150391,94.4423992 100,94.4423992 L100,100.670049 L0,100.670049 L4.4408921e-15,8.16369858 Z\" fill=\"rgba(255,255,255,1)\"><\/path><path d=\"M4.4408921e-15,8.16369858 C2.13175456,3.16793204 4.70743815,0.670048765 7.72705078,0.670048765 C18.4671021,0.670048765 22.2784424,43.4806415 34.4662476,43.4806415 C47.1838379,43.4806415 47.9907032,22.2514492 58.7713972,22.2514492 C72.0083967,22.2514492 77.9150391,87.7804472 100,87.7804472 L100,100.670049 L0,100.670049 L4.4408921e-15,8.16369858 Z\" fill=\"rgba(255,255,255,1)\"><\/path><path d=\"M4.4408921e-15,8.16369858 C2.13175456,3.16793204 4.70743815,0.670048765 7.72705078,0.670048765 C18.4671021,0.670048765 22.2784424,40.9095743 34.4662476,40.9095743 C47.1838379,40.9095743 47.9907032,18.4662671 58.7713972,18.4662671 C72.0083967,18.4662671 77.9150391,79.1277087 100,79.1277087 L100,100.670049 L0,100.670049 L4.4408921e-15,8.16369858 Z\" fill=\"rgba(255,255,255,1)\"><\/path><\/svg><\/div><\/div><\/div><\/div><\/div><\/div><\/div><\/div><\/div><\/div><\/div><\/div><\/div><\/div><div class=\"wtbx_vc_row wtbx_vc_row-165980870 wtbx_stretch_row wtbx_anim_style_1 wtbx_row-flex-align-stretch wtbx_row-content-align-middle wtbx_row-flex\" data-skin=\"light\"><div class=\"wtbx_vc_el_container wtbx_vc_row_container\"><div class=\"wtbx_vc_el_inner wtbx_vc_row_inner\"><div class=\"wtbx_row_wrapper\"><div class=\"wtbx_row_content clearfix\"><div class=\"wtbx_row_content_wrapper\"><div class=\"wtbx_row_content_inner clearfix\"><div class=\"wtbx_vc_column vc_col-sm-12 wtbx_with_image wtbx_vc_column-165981615 wtbx_center_align_tablet_portrait\"><div class=\"wtbx_vc_el_container wtbx_vc_column_container\"><div class=\"wtbx_vc_el_inner wtbx_vc_column_inner\"><div class=\"wtbx_column_wrapper clearfix\"><div class=\"wtbx_column_content\"><div class=\"wtbx_vc_styled_heading wtbx_vc_styled_heading-165982087 wtbx_style_default\"><div class=\"wtbx_vc_el_container wtbx_vc_styled_heading_container clearfix\"><div class=\"wtbx_vc_el_inner wtbx_vc_styled_heading_inner\"><div class=\"wtbx_heading_el_title_wrapper h2\"><h2 class=\"wtbx_heading_el_title\">Liptov<\/h2><\/div><\/div><\/div><\/div><div class=\"wtbx_vc_text_element wtbx_vc_text_element-165982434 wtbx_display_block\"><div class=\"wtbx_vc_el_container wtbx_vc_text_element_container\"><div class=\"wtbx_text_element_content\"><div class=\"wtbx_text_element_inner\"><p>Spojenie pr\u00edrodn\u00fdch zauj\u00edmavost\u00ed, kult\u00farno-historick\u00e9ho bohatstva, mo\u017enost\u00ed \u0161portov\u00e9ho vy\u017eitia a akt\u00edvneho tr\u00e1venia vo\u013en\u00e9ho \u010dasu spolu s mo\u017enos\u0165ami relaxu a z\u00e1\u017eitkov robia z regi\u00f3nu Liptov najv\u00e4\u010d\u0161ie pr\u00edrodn\u00e9 ihrisko z\u00e1bavy na Slovensku. V\u010faka jedine\u010dnosti pr\u00edrodn\u00fdch zauj\u00edmavost\u00ed a bohatstvu kult\u00farno-historick\u00fdch pamiatok patr\u00ed Liptov k najatrakt\u00edvnej\u0161\u00edm oblastiam Slovenska. V\u00e4\u010d\u0161ina jeho \u00fazemia je hornat\u00e1, bohat\u00e1 na lesy a pr\u00edrodn\u00e9 kr\u00e1sy. Najcennej\u0161ie pr\u00edrodn\u00e9 hodnoty s\u00fa chr\u00e1nen\u00e9 v Tatranskom n\u00e1rodnom parku, N\u00e1rodnom parku N\u00edzke Tatry a N\u00e1rodnom parku Ve\u013ek\u00e1 Fatra. Hodnotu pr\u00edrody Liptova potvrdzuje jej vysok\u00fd stupe\u0148 ochrany. Ochrana lesov a pr\u00edrodn\u00fdch kr\u00e1s tak d\u00e1va Liptovu z\u00e1ruku &#8220;zelen\u00e9ho&#8221; regi\u00f3nu s \u010distou pr\u00edrodou. Pe\u0161ia turistika a cykloturistika v lete, ako aj zjazdov\u00e9 a be\u017eeck\u00e9 ly\u017eovanie v zime patria k naj\u010dastej\u0161\u00edm magnetom pre n\u00e1v\u0161tevn\u00edkov Liptova. Ak k tomu prir\u00e1tame podzemn\u00e9 bohatstvo vo viacer\u00fdch verejnosti pr\u00edstupn\u00fdch jaskyniach a po\u010detn\u00e9 pramene lie\u010div\u00fdch miner\u00e1lnych a term\u00e1lnych v\u00f4d ako aj vodn\u00fa n\u00e1dr\u017e Liptovsk\u00e1 Mara, je pr\u00edrodn\u00fd obraz Liptova takmer dokonal\u00fd. Liptov &#8211; treba za\u017ei\u0165!<\/p>\n<\/div><\/div><\/div><\/div><\/div><\/div><\/div><\/div><\/div><\/div><\/div><\/div><\/div><\/div><\/div><\/div><div class=\"wtbx_vc_row wtbx_vc_row-165982952 wtbx_stretch_row wtbx_anim_style_1\" data-skin=\"light\"><div class=\"wtbx_vc_el_container wtbx_vc_row_container\"><div class=\"wtbx_vc_el_inner wtbx_vc_row_inner\"><div class=\"wtbx_row_wrapper\"><div class=\"wtbx_row_content clearfix\"><div class=\"wtbx_row_content_wrapper\"><div class=\"wtbx_row_content_inner clearfix\"><div class=\"wtbx_vc_column vc_col-sm-4 wtbx_with_image wtbx_vc_column-165983761\"><div class=\"wtbx_vc_el_container wtbx_vc_column_container\"><div class=\"wtbx_vc_el_inner wtbx_vc_column_inner\"><div class=\"wtbx_column_wrapper clearfix\"><div class=\"wtbx_column_content\"><div class=\"wtbx_vc_image_caption wtbx_vc_image_caption-165984250 wtbx_style_1 wtbx_caption_appear wtbx_skin_light wtbx_scheme_default\"><figure class=\"wtbx_image_wrapper wtbx_preloader_cont wtbx_with_image\">\n<div class=\"wtbx-preloader-wrapper wtbx-preloader-el\">\n\t<div class=\"wtbx-preloader-container\">\n\n\t\t\n\t\t\t<div class=\"wtbx-preloader wtbx-preloader-1\"><\/div>\n\n\t\t\t<\/div>\n<\/div><div class=\"wtbx_vc_el_container wtbx_vc_image_caption_container\"><div class=\"wtbx_vc_el_inner wtbx_vc_image_caption_inner\"><div class=\"wtbx_image_inner touchhover wtbx-element-reveal wtbx-reveal-cont\"><div class=\"wtbx_image_overlap wtbx-lightbox-item\" data-dynamic=\"1\" data-dynamicel=\"[{&quot;src&quot;:&quot;https:\\\/\\\/www.miracleseasons.sk\\\/wp-content\\\/uploads\\\/2020\\\/06\\\/wellness-DSC04273.jpg&quot;,&quot;thumb&quot;:&quot;https:\\\/\\\/www.miracleseasons.sk\\\/wp-content\\\/uploads\\\/2020\\\/06\\\/wellness-DSC04273-300x200.jpg&quot;}]\" data-counter=\"1\" data-thumbnail=\"1\" data-share-buttons=\"facebook,googleplus,linkedin,pinterest,twitter,vkontakte\" data-scroll=\"1\" data-poster=\"\" data-id=\"165987418\"><\/div><div class=\"wtbx_image_bg wtbx_with_lightbox\"><img decoding=\"async\" class=\"wtbx-image wtbx-lazy lazyload\" data-bg=\"false\" data-imgratio=\"0.75\" src=\"data:image\/gif;base64,R0lGODlhAQABAAAAACH5BAEKAAEALAAAAAABAAEAAAICTAEAOw==\" srcset=\"\" data-src=\"https:\/\/www.miracleseasons.sk\/wp-content\/uploads\/2020\/09\/region-liptov-01-OMDX5702-300x225.jpg\" data-path=\"https:\/\/www.miracleseasons.sk\/wp-content\/uploads\/2020\/09\/region-liptov-01-OMDX5702\" data-dims=\"[&quot;.jpg 1280w&quot;,&quot;300x225.jpg 300w&quot;,&quot;1024x768.jpg 1024w&quot;,&quot;768x576.jpg 768w&quot;]\" data-sizes=\"auto\" alt=\"region-liptov-01-OMDX5702\" \/><\/div><div class=\"wtbx_image_caption_content\"><div class=\"wtbx_image_caption_title\">Pr\u00edrodn\u00e9 scen\u00e9rie<\/div><div class=\"wtbx_image_caption_descr\"><\/div><\/div><\/div><\/div><\/div><\/figure><\/div><\/div><\/div><\/div><\/div><\/div><div class=\"wtbx_vc_column vc_col-sm-4 wtbx_with_image wtbx_vc_column-165988173\"><div class=\"wtbx_vc_el_container wtbx_vc_column_container\"><div class=\"wtbx_vc_el_inner wtbx_vc_column_inner\"><div class=\"wtbx_column_wrapper clearfix\"><div class=\"wtbx_column_content\"><div class=\"wtbx_vc_image_caption wtbx_vc_image_caption-165988560 wtbx_style_1 wtbx_caption_appear wtbx_skin_light wtbx_scheme_default\"><figure class=\"wtbx_image_wrapper wtbx_preloader_cont wtbx_with_image\">\n<div class=\"wtbx-preloader-wrapper wtbx-preloader-el\">\n\t<div class=\"wtbx-preloader-container\">\n\n\t\t\n\t\t\t<div class=\"wtbx-preloader wtbx-preloader-1\"><\/div>\n\n\t\t\t<\/div>\n<\/div><div class=\"wtbx_vc_el_container wtbx_vc_image_caption_container\"><div class=\"wtbx_vc_el_inner wtbx_vc_image_caption_inner\"><div class=\"wtbx_image_inner touchhover wtbx-element-reveal wtbx-reveal-cont\"><div class=\"wtbx_image_overlap wtbx-lightbox-item\" data-dynamic=\"1\" data-dynamicel=\"[{&quot;src&quot;:&quot;https:\\\/\\\/www.miracleseasons.sk\\\/wp-content\\\/uploads\\\/2020\\\/06\\\/wellness-DSC04313.jpg&quot;,&quot;thumb&quot;:&quot;https:\\\/\\\/www.miracleseasons.sk\\\/wp-content\\\/uploads\\\/2020\\\/06\\\/wellness-DSC04313-300x200.jpg&quot;}]\" data-counter=\"1\" data-thumbnail=\"1\" data-share-buttons=\"facebook,googleplus,linkedin,pinterest,twitter,vkontakte\" data-scroll=\"1\" data-poster=\"\" data-id=\"165990719\"><\/div><div class=\"wtbx_image_bg wtbx_with_lightbox\"><img decoding=\"async\" class=\"wtbx-image wtbx-lazy lazyload\" data-bg=\"false\" data-imgratio=\"0.75\" src=\"data:image\/gif;base64,R0lGODlhAQABAAAAACH5BAEKAAEALAAAAAABAAEAAAICTAEAOw==\" srcset=\"\" data-src=\"https:\/\/www.miracleseasons.sk\/wp-content\/uploads\/2020\/09\/region-liptov-02-OMDX5439-300x225.jpg\" data-path=\"https:\/\/www.miracleseasons.sk\/wp-content\/uploads\/2020\/09\/region-liptov-02-OMDX5439\" data-dims=\"[&quot;.jpg 1280w&quot;,&quot;300x225.jpg 300w&quot;,&quot;1024x768.jpg 1024w&quot;,&quot;768x576.jpg 768w&quot;]\" data-sizes=\"auto\" alt=\"region-liptov-02-OMDX5439\" \/><\/div><div class=\"wtbx_image_caption_content\"><div class=\"wtbx_image_caption_title\">Horsk\u00e1 turistika<\/div><div class=\"wtbx_image_caption_descr\"><\/div><\/div><\/div><\/div><\/div><\/figure><\/div><\/div><\/div><\/div><\/div><\/div><div class=\"wtbx_vc_column vc_col-sm-4 wtbx_with_image wtbx_vc_column-165991593\"><div class=\"wtbx_vc_el_container wtbx_vc_column_container\"><div class=\"wtbx_vc_el_inner wtbx_vc_column_inner\"><div class=\"wtbx_column_wrapper clearfix\"><div class=\"wtbx_column_content\"><div class=\"wtbx_vc_image_caption wtbx_vc_image_caption-165992035 wtbx_style_1 wtbx_caption_appear wtbx_skin_light wtbx_scheme_default\"><figure class=\"wtbx_image_wrapper wtbx_preloader_cont wtbx_with_image\">\n<div class=\"wtbx-preloader-wrapper wtbx-preloader-el\">\n\t<div class=\"wtbx-preloader-container\">\n\n\t\t\n\t\t\t<div class=\"wtbx-preloader wtbx-preloader-1\"><\/div>\n\n\t\t\t<\/div>\n<\/div><div class=\"wtbx_vc_el_container wtbx_vc_image_caption_container\"><div class=\"wtbx_vc_el_inner wtbx_vc_image_caption_inner\"><div class=\"wtbx_image_inner touchhover wtbx-element-reveal wtbx-reveal-cont\"><div class=\"wtbx_image_overlap wtbx-lightbox-item\" data-dynamic=\"1\" data-dynamicel=\"[{&quot;src&quot;:&quot;https:\\\/\\\/www.miracleseasons.sk\\\/wp-content\\\/uploads\\\/2020\\\/06\\\/wellness-DSC04313.jpg&quot;,&quot;thumb&quot;:&quot;https:\\\/\\\/www.miracleseasons.sk\\\/wp-content\\\/uploads\\\/2020\\\/06\\\/wellness-DSC04313-300x200.jpg&quot;}]\" data-counter=\"1\" data-thumbnail=\"1\" data-share-buttons=\"facebook,googleplus,linkedin,pinterest,twitter,vkontakte\" data-scroll=\"1\" data-poster=\"\" data-id=\"165995416\"><\/div><div class=\"wtbx_image_bg wtbx_with_lightbox\"><img decoding=\"async\" class=\"wtbx-image wtbx-lazy lazyload\" data-bg=\"false\" data-imgratio=\"0.75\" src=\"data:image\/gif;base64,R0lGODlhAQABAAAAACH5BAEKAAEALAAAAAABAAEAAAICTAEAOw==\" srcset=\"\" data-src=\"https:\/\/www.miracleseasons.sk\/wp-content\/uploads\/2020\/09\/region-liptov-03-OMDX5275-300x225.jpg\" data-path=\"https:\/\/www.miracleseasons.sk\/wp-content\/uploads\/2020\/09\/region-liptov-03-OMDX5275\" data-dims=\"[&quot;.jpg 1280w&quot;,&quot;300x225.jpg 300w&quot;,&quot;1024x768.jpg 1024w&quot;,&quot;768x576.jpg 768w&quot;]\" data-sizes=\"auto\" alt=\"region-liptov-03-OMDX5275\" \/><\/div><div class=\"wtbx_image_caption_content\"><div class=\"wtbx_image_caption_title\">Jedine\u010dn\u00e9 z\u00e1\u017eitky<\/div><div class=\"wtbx_image_caption_descr\"><\/div><\/div><\/div><\/div><\/div><\/figure><\/div><\/div><\/div><\/div><\/div><\/div><\/div><\/div><\/div><\/div><\/div><\/div><\/div><div class=\"wtbx_vc_row wtbx_vc_row-165996755 wtbx_stretch_row wtbx_anim_style_1 wtbx_row-flex-align-stretch wtbx_row-content-align-middle wtbx_row-flex\" data-skin=\"light\"><div class=\"wtbx_vc_el_container wtbx_vc_row_container\"><div class=\"wtbx_vc_el_inner wtbx_vc_row_inner\"><div class=\"wtbx_row_wrapper\"><div class=\"wtbx_row_content clearfix\"><div class=\"wtbx_row_content_wrapper\"><div class=\"wtbx_row_content_inner clearfix\"><div class=\"wtbx_vc_column vc_col-sm-12 wtbx_with_image wtbx_vc_column-165997944 wtbx_center_align_tablet_portrait\"><div class=\"wtbx_vc_el_container wtbx_vc_column_container\"><div class=\"wtbx_vc_el_inner wtbx_vc_column_inner\"><div class=\"wtbx_column_wrapper clearfix\"><div class=\"wtbx_column_content\"><div class=\"wtbx_vc_styled_heading wtbx_vc_styled_heading-165998358 wtbx_style_default\"><div class=\"wtbx_vc_el_container wtbx_vc_styled_heading_container clearfix\"><div class=\"wtbx_vc_el_inner wtbx_vc_styled_heading_inner\"><div class=\"wtbx_heading_el_title_wrapper h3\"><h3 class=\"wtbx_heading_el_title\">Ly\u017eiarske stredisko Jasn\u00e1<\/h3><\/div><\/div><\/div><\/div><div class=\"wtbx_vc_text_element wtbx_vc_text_element-165998668 wtbx_display_block\"><div class=\"wtbx_vc_el_container wtbx_vc_text_element_container\"><div class=\"wtbx_text_element_content\"><div class=\"wtbx_text_element_inner\"><p>Jasn\u00e1 je najv\u00e4\u010d\u0161ie ly\u017eiarske stredisko na Slovensku. Dominantou strediska je vrchol Chopok, kde sa nach\u00e1dza panoramatick\u00e1 terasa s re\u0161taur\u00e1ciou. Jasn\u00e1 sa rozprestiera na \u00fazem\u00ed dvoch regi\u00f3nov: severn\u00e1 \u010das\u0165 na Liptove a ju\u017en\u00e1 na Horehron\u00ed. V posledn\u00fdch rokoch sa v\u00fdrazne zjednodu\u0161ila doprava ly\u017eiarov a snowboardistov do strediska. Zo severnej strany od Liptovsk\u00e9ho Mikul\u00e1\u0161a odpor\u00fa\u010dame pou\u017ei\u0165 z\u00e1chytn\u00e9 parkovisko na L\u00fa\u010dkach, odkia\u013e do strediska u\u017e nie je potrebn\u00e9 dopravi\u0165 sa skibusom, nako\u013eko priamo z parkoviska prem\u00e1va lanovka. Jasn\u00e1 pon\u00faka 45,6 km zjazdoviek a 4,5 km ly\u017eiarskych ciest prep\u00e1jaj\u00facich jednotliv\u00e9 lokality. Pri dostatku pr\u00edrodn\u00e9ho snehu stredisko poskytuje najlep\u0161ie podmienky pre freeride na Slovensku v 12 freeridov\u00fdch z\u00f3nach. Takmer v\u0161etky zjazdovky obsluhuj\u00fa expresn\u00e9 lanovky s dostato\u010dnou kapacitou. V Jasnej prem\u00e1va dovedna 27 dopravn\u00fdch zariaden\u00ed, z toho 5 kab\u00ednkov\u00fdch lanoviek, 8 seda\u010dkov\u00fdch lanoviek a 14 vlekov. Z celkov\u00e9ho po\u010dtu je 11 zariaden\u00ed vhodn\u00fdch pre deti. <\/p>\n<\/div><\/div><\/div><\/div><\/div><\/div><\/div><\/div><\/div><\/div><\/div><\/div><\/div><\/div><\/div><\/div>\n","protected":false},"excerpt":{"rendered":"Objavte kr\u00e1sy Liptova LiptovSpojenie pr\u00edrodn\u00fdch zauj\u00edmavost\u00ed, kult\u00farno-historick\u00e9ho bohatstva, mo\u017enost\u00ed \u0161portov\u00e9ho vy\u017eitia a akt\u00edvneho tr\u00e1venia vo\u013en\u00e9ho \u010dasu spolu s mo\u017enos\u0165ami relaxu a z\u00e1\u017eitkov robia z regi\u00f3nu Liptov najv\u00e4\u010d\u0161ie pr\u00edrodn\u00e9 ihrisko z\u00e1bavy na Slovensku. V\u010faka jedine\u010dnosti pr\u00edrodn\u00fdch zauj\u00edmavost\u00ed a bohatstvu kult\u00farno-historick\u00fdch pamiatok patr\u00ed Liptov k najatrakt\u00edvnej\u0161\u00edm oblastiam Slovenska. V\u00e4\u010d\u0161ina jeho \u00fazemia je hornat\u00e1, bohat\u00e1 na lesy a pr\u00edrodn\u00e9 kr\u00e1sy. Najcennej\u0161ie pr\u00edrodn\u00e9 hodnoty s\u00fa chr\u00e1nen\u00e9 v Tatranskom n\u00e1rodnom parku, N\u00e1rodnom parku N\u00edzke Tatry a N\u00e1rodnom parku Ve\u013ek\u00e1 Fatra. [...]","protected":false},"author":1,"featured_media":594,"parent":0,"menu_order":0,"comment_status":"closed","ping_status":"closed","template":"","meta":{"_monsterinsights_skip_tracking":false,"_monsterinsights_sitenote_active":false,"_monsterinsights_sitenote_note":"","_monsterinsights_sitenote_category":0,"footnotes":""},"class_list":["post-585","page","type-page","status-publish","has-post-thumbnail","hentry"],"aioseo_notices":[],"_links":{"self":[{"href":"https:\/\/www.miracleseasons.sk\/en\/wp-json\/wp\/v2\/pages\/585","targetHints":{"allow":["GET"]}}],"collection":[{"href":"https:\/\/www.miracleseasons.sk\/en\/wp-json\/wp\/v2\/pages"}],"about":[{"href":"https:\/\/www.miracleseasons.sk\/en\/wp-json\/wp\/v2\/types\/page"}],"author":[{"embeddable":true,"href":"https:\/\/www.miracleseasons.sk\/en\/wp-json\/wp\/v2\/users\/1"}],"replies":[{"embeddable":true,"href":"https:\/\/www.miracleseasons.sk\/en\/wp-json\/wp\/v2\/comments?post=585"}],"version-history":[{"count":15,"href":"https:\/\/www.miracleseasons.sk\/en\/wp-json\/wp\/v2\/pages\/585\/revisions"}],"predecessor-version":[{"id":628,"href":"https:\/\/www.miracleseasons.sk\/en\/wp-json\/wp\/v2\/pages\/585\/revisions\/628"}],"wp:featuredmedia":[{"embeddable":true,"href":"https:\/\/www.miracleseasons.sk\/en\/wp-json\/wp\/v2\/media\/594"}],"wp:attachment":[{"href":"https:\/\/www.miracleseasons.sk\/en\/wp-json\/wp\/v2\/media?parent=585"}],"curies":[{"name":"wp","href":"https:\/\/api.w.org\/{rel}","templated":true}]}}