{"id":633,"date":"2020-09-21T20:10:58","date_gmt":"2020-09-21T18:10:58","guid":{"rendered":"https:\/\/www.miracleseasons.sk\/?page_id=633"},"modified":"2020-10-10T14:02:11","modified_gmt":"2020-10-10T12:02:11","slug":"gdpr","status":"publish","type":"page","link":"https:\/\/www.miracleseasons.sk\/en\/gdpr\/","title":{"rendered":"GDPR"},"content":{"rendered":"<div class=\"wtbx_vc_row wtbx_vc_row-123560507 wtbx_stretch_row_content wtbx_align_center wtbx-fadeout wtbx_anim_style_1 wtbx_row_fixed_height_screen wtbx_row-flex-align-stretch wtbx_row-content-align-middle wtbx_row-flex  wtbx_disable_height_mobile_landscape\" data-skin=\"light\"><div class=\"wtbx_vc_el_container wtbx_vc_row_container\"><div class=\"wtbx_vc_el_inner wtbx_vc_row_inner\"><div class=\"wtbx_row_wrapper\"><div class=\"wtbx_row_bg\"><div class=\"wtbx_row_bg_inner wtbx-reveal-cont\"><div class=\"wtbx_row_bg_media_wrapper wtbx-entry-media\"><div class=\"wtbx_row_bg_media\"><\/div><\/div><div class=\"wtbx_row_bg_overlay\"><\/div><\/div><\/div><div class=\"wtbx_row_content clearfix\"><div class=\"wtbx_row_content_wrapper\"><div class=\"wtbx_row_content_inner clearfix\"><div class=\"wtbx_vc_column vc_col-sm-12 wtbx_with_image wtbx_vc_column-123573370\"><div class=\"wtbx_vc_el_container wtbx_vc_column_container\"><div class=\"wtbx_vc_el_inner wtbx_vc_column_inner\"><div class=\"wtbx_column_wrapper clearfix\"><div class=\"wtbx_column_content\"><div class=\"wtbx_vc_row wtbx_vc_inner_row wtbx_vc_inner_row-123574510 wtbx_stretch_row\"><div class=\"wtbx_vc_el_container wtbx_vc_inner_row_container\"><div class=\"wtbx_vc_el_inner wtbx_vc_inner_row_inner\"><div class=\"wtbx_inner_row_wrapper\"><div class=\"wtbx_inner_row_bg\"><div class=\"wtbx_inner_row_bg_inner wtbx-element-reveal wtbx-reveal-cont\"><div class=\"wtbx_inner_row_bg_media_wrapper wtbx-entry-media\"><div class=\"wtbx_inner_row_bg_media\"><\/div><\/div><\/div><\/div><div class=\"wtbx_inner_row_content clearfix\"><div class=\"wtbx_inner_row_content_wrapper\"><div class=\"wtbx_inner_row_content_inner clearfix\"><div class=\"wtbx_vc_inner_column vc_col-sm-12 wtbx_with_image wtbx_vc_inner_column-123575416\"><div class=\"wtbx_vc_el_container wtbx_vc_inner_column_container\"><div class=\"wtbx_vc_el_inner wtbx_vc_inner_column_inner\"><div class=\"wtbx_inner_column_bg\"><div class=\"wtbx_inner_column_bg_inner wtbx-element-reveal wtbx-reveal-cont\"><\/div><\/div><div class=\"wtbx_inner_column_wrapper clearfix\"><div class=\"wtbx_inner_column_content\"><div class=\"wtbx_vc_styled_heading wtbx_vc_styled_heading-123576145 wtbx_style_default wtbx_appearance_animation wtbx-anim-fade-in wtbx-duration-1000 wtbx_easing-natural\"><div class=\"wtbx_vc_el_container wtbx_vc_styled_heading_container clearfix\"><div class=\"wtbx_vc_el_inner wtbx_vc_styled_heading_inner\"><div class=\"wtbx_heading_el_title_wrapper h1\"><h1 class=\"wtbx_heading_el_title\">GDPR - ochrana osobn\u00fdch \u00fadajov<\/h1><\/div><\/div><\/div><\/div>\n\n<div class=\"wtbx_vc_empty_space wtbx_vc_empty_space-123576730\">\n\t\t<span class=\"wtbx_empty_space_inner\"><\/span>\n<\/div>\n<\/div><\/div><\/div><\/div><\/div><\/div><\/div><\/div><\/div><\/div><\/div><\/div><\/div><\/div><\/div><\/div><\/div><\/div><\/div><\/div><\/div><\/div><\/div><\/div><div class=\"wtbx_vc_row wtbx_vc_row-123577645 wtbx_stretch_row_content wtbx_anim_style_1\" data-skin=\"light\"><div class=\"wtbx_vc_el_container wtbx_vc_row_container\"><div class=\"wtbx_vc_el_inner wtbx_vc_row_inner\"><div class=\"wtbx_row_wrapper\"><div class=\"wtbx_row_content clearfix\"><div class=\"wtbx_row_content_wrapper\"><div class=\"wtbx_row_content_inner clearfix\"><div class=\"wtbx_vc_column vc_col-sm-12 wtbx_with_image wtbx_vc_column-123578784\"><div class=\"wtbx_vc_el_container wtbx_vc_column_container\"><div class=\"wtbx_vc_el_inner wtbx_vc_column_inner\"><div class=\"wtbx_column_wrapper clearfix\"><div class=\"wtbx_column_content\"><div class=\"wtbx_vc_section_divider wtbx_vc_section_divider-123580335\"><div class=\"wtbx-section-decoration wtbx-decoration-layered-1\"><svg xmlns=\"http:\/\/www.w3.org\/2000\/svg\" version=\"1.1\" width=\"100%\" height=\"100%\" viewbox=\"0 0 100 100\" preserveaspectratio=\"none\"><path d=\"M4.4408921e-15,8.16369858 C2.13175456,3.16793204 4.70743815,0.670048765 7.72705078,0.670048765 C18.4671021,0.670048765 22.2784424,43.4806415 34.4662476,43.4806415 C47.1838379,43.4806415 47.9907032,25.7087262 58.7713972,25.7087262 C72.0083967,25.7087262 77.9150391,94.4423992 100,94.4423992 L100,100.670049 L0,100.670049 L4.4408921e-15,8.16369858 Z\" fill=\"rgba(255,255,255,1)\"><\/path><path d=\"M4.4408921e-15,8.16369858 C2.13175456,3.16793204 4.70743815,0.670048765 7.72705078,0.670048765 C18.4671021,0.670048765 22.2784424,43.4806415 34.4662476,43.4806415 C47.1838379,43.4806415 47.9907032,22.2514492 58.7713972,22.2514492 C72.0083967,22.2514492 77.9150391,87.7804472 100,87.7804472 L100,100.670049 L0,100.670049 L4.4408921e-15,8.16369858 Z\" fill=\"rgba(255,255,255,1)\"><\/path><path d=\"M4.4408921e-15,8.16369858 C2.13175456,3.16793204 4.70743815,0.670048765 7.72705078,0.670048765 C18.4671021,0.670048765 22.2784424,40.9095743 34.4662476,40.9095743 C47.1838379,40.9095743 47.9907032,18.4662671 58.7713972,18.4662671 C72.0083967,18.4662671 77.9150391,79.1277087 100,79.1277087 L100,100.670049 L0,100.670049 L4.4408921e-15,8.16369858 Z\" fill=\"rgba(255,255,255,1)\"><\/path><\/svg><\/div><\/div><\/div><\/div><\/div><\/div><\/div><\/div><\/div><\/div><\/div><\/div><\/div><\/div><div class=\"wtbx_vc_row wtbx_vc_row-123581229 wtbx_stretch_row wtbx_anim_style_1 wtbx_row-flex-align-stretch wtbx_row-content-align-middle wtbx_row-flex\" data-skin=\"light\"><div class=\"wtbx_vc_el_container wtbx_vc_row_container\"><div class=\"wtbx_vc_el_inner wtbx_vc_row_inner\"><div class=\"wtbx_row_wrapper\"><div class=\"wtbx_row_content clearfix\"><div class=\"wtbx_row_content_wrapper\"><div class=\"wtbx_row_content_inner clearfix\"><div class=\"wtbx_vc_column vc_col-sm-12 wtbx_with_image wtbx_vc_column-123582617 wtbx_center_align_tablet_portrait\"><div class=\"wtbx_vc_el_container wtbx_vc_column_container\"><div class=\"wtbx_vc_el_inner wtbx_vc_column_inner\"><div class=\"wtbx_column_wrapper clearfix\"><div class=\"wtbx_column_content\"><div class=\"wtbx_vc_styled_heading wtbx_vc_styled_heading-123583251 wtbx_style_default\"><div class=\"wtbx_vc_el_container wtbx_vc_styled_heading_container clearfix\"><div class=\"wtbx_vc_el_inner wtbx_vc_styled_heading_inner\"><div class=\"wtbx_heading_el_title_wrapper h2\"><h2 class=\"wtbx_heading_el_title\">Privacy Policy<\/h2><\/div><\/div><\/div><\/div><div class=\"wtbx_vc_list_item wtbx_vc_list_item-123584220 wtbx_bullet_icon wtbx_style_1 wtbx_has_link wtbx_offset_xs wtbx_bullet_big wtbx_skin_light\"><div class=\"wtbx_vc_el_container wtbx_vc_list_item_container\"><div class=\"wtbx_vc_el_inner wtbx_vc_list_item_inner\"><a href=\"https:\/\/www.miracleseasons.sk\/wp-content\/uploads\/2020\/09\/IDO-\u00a719-a-20-IS-evidencia-obchodny\u0301ch-partnerov.pdf\" target=\"_self\"><\/a><div class=\"wtbx_vc_list_item_bullet\"><i class=\"scape-controls-Acrobat-File wtbx_vc_icon\"><\/i><\/div><div class=\"wtbx_vc_list_item_content\"><p>IDO \u00a719 a 20 IS evidencia obchodny\u0301ch partnerov<\/p>\n<\/div><\/div><\/div><\/div><div class=\"wtbx_vc_list_item wtbx_vc_list_item-123584825 wtbx_bullet_icon wtbx_style_1 wtbx_has_link wtbx_offset_xs wtbx_bullet_big wtbx_skin_light\"><div class=\"wtbx_vc_el_container wtbx_vc_list_item_container\"><div class=\"wtbx_vc_el_inner wtbx_vc_list_item_inner\"><a href=\"https:\/\/www.miracleseasons.sk\/wp-content\/uploads\/2020\/09\/IDO-\u00a719-a-20-IS-evidencia-ubytovany\u0301ch-hosti\u0301.pdf\" target=\"_self\"><\/a><div class=\"wtbx_vc_list_item_bullet\"><i class=\"scape-controls-Acrobat-File wtbx_vc_icon\"><\/i><\/div><div class=\"wtbx_vc_list_item_content\"><p>IDO \u00a719 a 20 IS evidencia ubytovany\u0301ch hosti\u0301<\/p>\n<\/div><\/div><\/div><\/div><div class=\"wtbx_vc_list_item wtbx_vc_list_item-123585150 wtbx_bullet_icon wtbx_style_1 wtbx_has_link wtbx_offset_xs wtbx_bullet_big wtbx_skin_light\"><div class=\"wtbx_vc_el_container wtbx_vc_list_item_container\"><div class=\"wtbx_vc_el_inner wtbx_vc_list_item_inner\"><a href=\"https:\/\/www.miracleseasons.sk\/wp-content\/uploads\/2020\/09\/IDO-\u00a719-a-20-IS-klienti.pdf\" target=\"_self\"><\/a><div class=\"wtbx_vc_list_item_bullet\"><i class=\"scape-controls-Acrobat-File wtbx_vc_icon\"><\/i><\/div><div class=\"wtbx_vc_list_item_content\"><p>IDO \u00a719 a 20 IS klienti<\/p>\n<\/div><\/div><\/div><\/div><div class=\"wtbx_vc_list_item wtbx_vc_list_item-123585439 wtbx_bullet_icon wtbx_style_1 wtbx_has_link wtbx_offset_xs wtbx_bullet_big wtbx_skin_light\"><div class=\"wtbx_vc_el_container wtbx_vc_list_item_container\"><div class=\"wtbx_vc_el_inner wtbx_vc_list_item_inner\"><a href=\"https:\/\/www.miracleseasons.sk\/wp-content\/uploads\/2020\/09\/IDO-19-a-20-IS-kamerovy-s-yste\u0301m-opra\u0301vneny\u0301-za\u0301ujem.pdf\" target=\"_self\"><\/a><div class=\"wtbx_vc_list_item_bullet\"><i class=\"scape-controls-Acrobat-File wtbx_vc_icon\"><\/i><\/div><div class=\"wtbx_vc_list_item_content\"><p>IDO 19 a 20 IS kamerovy s yste\u0301m- opra\u0301vneny\u0301 za\u0301ujem<\/p>\n<\/div><\/div><\/div><\/div><div class=\"wtbx_vc_list_item wtbx_vc_list_item-123585712 wtbx_bullet_icon wtbx_style_1 wtbx_has_link wtbx_offset_xs wtbx_bullet_big wtbx_skin_light\"><div class=\"wtbx_vc_el_container wtbx_vc_list_item_container\"><div class=\"wtbx_vc_el_inner wtbx_vc_list_item_inner\"><a href=\"https:\/\/www.miracleseasons.sk\/wp-content\/uploads\/2020\/09\/IDO-19-a-20-IS-uctovne-doklady-faktura\u0301cia.pdf\" target=\"_self\"><\/a><div class=\"wtbx_vc_list_item_bullet\"><i class=\"scape-controls-Acrobat-File wtbx_vc_icon\"><\/i><\/div><div class=\"wtbx_vc_list_item_content\"><p>IDO 19 a 20 IS uctovne doklady (faktura\u0301cia)<\/p>\n<\/div><\/div><\/div><\/div><\/div><\/div><\/div><\/div><\/div><\/div><\/div><\/div><\/div><\/div><\/div><\/div>","protected":false},"excerpt":{"rendered":"GDPR - ochrana osobn\u00fdch \u00fadajov Ochrana osobn\u00fdch \u00fadajovIDO \u00a719 a 20 IS evidencia obchodny\u0301ch partnerov IDO \u00a719 a 20 IS evidencia ubytovany\u0301ch hosti\u0301 IDO \u00a719 a 20 IS klienti IDO 19 a 20 IS kamerovy s yste\u0301m- opra\u0301vneny\u0301 za\u0301ujem IDO 19 a 20 IS uctovne doklady (faktura\u0301cia)","protected":false},"author":1,"featured_media":594,"parent":0,"menu_order":0,"comment_status":"closed","ping_status":"closed","template":"","meta":{"_monsterinsights_skip_tracking":false,"_monsterinsights_sitenote_active":false,"_monsterinsights_sitenote_note":"","_monsterinsights_sitenote_category":0,"footnotes":""},"class_list":["post-633","page","type-page","status-publish","has-post-thumbnail","hentry"],"aioseo_notices":[],"_links":{"self":[{"href":"https:\/\/www.miracleseasons.sk\/en\/wp-json\/wp\/v2\/pages\/633","targetHints":{"allow":["GET"]}}],"collection":[{"href":"https:\/\/www.miracleseasons.sk\/en\/wp-json\/wp\/v2\/pages"}],"about":[{"href":"https:\/\/www.miracleseasons.sk\/en\/wp-json\/wp\/v2\/types\/page"}],"author":[{"embeddable":true,"href":"https:\/\/www.miracleseasons.sk\/en\/wp-json\/wp\/v2\/users\/1"}],"replies":[{"embeddable":true,"href":"https:\/\/www.miracleseasons.sk\/en\/wp-json\/wp\/v2\/comments?post=633"}],"version-history":[{"count":10,"href":"https:\/\/www.miracleseasons.sk\/en\/wp-json\/wp\/v2\/pages\/633\/revisions"}],"predecessor-version":[{"id":649,"href":"https:\/\/www.miracleseasons.sk\/en\/wp-json\/wp\/v2\/pages\/633\/revisions\/649"}],"wp:featuredmedia":[{"embeddable":true,"href":"https:\/\/www.miracleseasons.sk\/en\/wp-json\/wp\/v2\/media\/594"}],"wp:attachment":[{"href":"https:\/\/www.miracleseasons.sk\/en\/wp-json\/wp\/v2\/media?parent=633"}],"curies":[{"name":"wp","href":"https:\/\/api.w.org\/{rel}","templated":true}]}}