{"id":902,"date":"2024-02-01T14:53:07","date_gmt":"2024-02-01T13:53:07","guid":{"rendered":"https:\/\/www.miracleseasons.sk\/?page_id=902"},"modified":"2024-06-07T20:07:39","modified_gmt":"2024-06-07T18:07:39","slug":"pobytove-baliky","status":"publish","type":"page","link":"https:\/\/www.miracleseasons.sk\/en\/pobytove-baliky\/","title":{"rendered":"Stay packages"},"content":{"rendered":"<div class=\"wtbx_vc_row wtbx_vc_row-53667576 wtbx_stretch_row_content wtbx_align_center wtbx-fadeout wtbx_anim_style_1 wtbx_row_fixed_height_screen wtbx_row-flex-align-stretch wtbx_row-content-align-middle wtbx_row-flex  wtbx_disable_height_mobile_landscape\" data-skin=\"light\"><div class=\"wtbx_vc_el_container wtbx_vc_row_container\"><div class=\"wtbx_vc_el_inner wtbx_vc_row_inner\"><div class=\"wtbx_row_wrapper\"><div class=\"wtbx_row_bg\"><div class=\"wtbx_row_bg_inner wtbx-element-reveal wtbx-reveal-cont\"><div class=\"wtbx_row_bg_media_wrapper wtbx-entry-media\"><div class=\"wtbx_row_bg_media\"><div class=\"wtbx-bg-image\"><div class=\"wtbx-bg-image-inner\"><div  class=\"wtbx_row_bg_image wtbx-image lazyload wtbx-lazy wtbx-lazyloaded\" data-bg=\"true\" style=\"background-image: url('https:\/\/www.miracleseasons.sk\/wp-content\/uploads\/2021\/06\/let-balonom-01-300x225.jpg')\" data-sizes=\"auto\" data-path=\"https:\/\/www.miracleseasons.sk\/wp-content\/uploads\/2021\/06\/let-balonom-01\" data-dims=\"[&quot;.jpg 1280w 960h&quot;,&quot;300x225.jpg 300w 225h&quot;,&quot;1024x768.jpg 1024w 768h&quot;,&quot;768x576.jpg 768w 576h&quot;]\" data-ratio=\"75\" aria-label=\"let-balonom-01\"><\/div><\/div><\/div><\/div><\/div><div class=\"wtbx_row_bg_overlay\"><\/div><\/div><\/div><div class=\"wtbx_row_content clearfix\"><div class=\"wtbx_row_content_wrapper\"><div class=\"wtbx_row_content_inner clearfix\"><div class=\"wtbx_vc_column vc_col-sm-12 wtbx_with_image wtbx_vc_column-53678382\"><div class=\"wtbx_vc_el_container wtbx_vc_column_container\"><div class=\"wtbx_vc_el_inner wtbx_vc_column_inner\"><div class=\"wtbx_column_wrapper clearfix\"><div class=\"wtbx_column_content\"><div class=\"wtbx_vc_row wtbx_vc_inner_row wtbx_vc_inner_row-53679073 wtbx_stretch_row\"><div class=\"wtbx_vc_el_container wtbx_vc_inner_row_container\"><div class=\"wtbx_vc_el_inner wtbx_vc_inner_row_inner\"><div class=\"wtbx_inner_row_wrapper\"><div class=\"wtbx_inner_row_bg\"><div class=\"wtbx_inner_row_bg_inner wtbx-element-reveal wtbx-reveal-cont\"><div class=\"wtbx_inner_row_bg_media_wrapper wtbx-entry-media\"><div class=\"wtbx_inner_row_bg_media\"><\/div><\/div><\/div><\/div><div class=\"wtbx_inner_row_content clearfix\"><div class=\"wtbx_inner_row_content_wrapper\"><div class=\"wtbx_inner_row_content_inner clearfix\"><div class=\"wtbx_vc_inner_column vc_col-sm-12 wtbx_with_image wtbx_vc_inner_column-53679648\"><div class=\"wtbx_vc_el_container wtbx_vc_inner_column_container\"><div class=\"wtbx_vc_el_inner wtbx_vc_inner_column_inner\"><div class=\"wtbx_inner_column_bg\"><div class=\"wtbx_inner_column_bg_inner wtbx-element-reveal wtbx-reveal-cont\"><\/div><\/div><div class=\"wtbx_inner_column_wrapper clearfix\"><div class=\"wtbx_inner_column_content\"><div class=\"wtbx_vc_styled_heading wtbx_vc_styled_heading-53680102 wtbx_style_default wtbx_appearance_animation wtbx-anim-fade-in wtbx-duration-1000 wtbx_easing-natural\"><div class=\"wtbx_vc_el_container wtbx_vc_styled_heading_container clearfix\"><div class=\"wtbx_vc_el_inner wtbx_vc_styled_heading_inner\"><div class=\"wtbx_heading_el_title_wrapper h1\"><h1 class=\"wtbx_heading_el_title\">V\u00fdhodn\u00e9 pobytov\u00e9 bal\u00edky na Liptove<\/h1><\/div><\/div><\/div><\/div>\n\n<div class=\"wtbx_vc_empty_space wtbx_vc_empty_space-53680478\">\n\t\t<span class=\"wtbx_empty_space_inner\"><\/span>\n<\/div>\n<\/div><\/div><\/div><\/div><\/div><\/div><\/div><\/div><\/div><\/div><\/div><\/div><\/div><\/div><\/div><\/div><\/div><\/div><\/div><\/div><\/div><\/div><\/div><\/div><div class=\"wtbx_vc_row wtbx_vc_row-53680992 wtbx_stretch_row_content wtbx_anim_style_1\" data-skin=\"light\"><div class=\"wtbx_vc_el_container wtbx_vc_row_container\"><div class=\"wtbx_vc_el_inner wtbx_vc_row_inner\"><div class=\"wtbx_row_wrapper\"><div class=\"wtbx_row_content clearfix\"><div class=\"wtbx_row_content_wrapper\"><div class=\"wtbx_row_content_inner clearfix\"><div class=\"wtbx_vc_column vc_col-sm-12 wtbx_with_image wtbx_vc_column-53681705\"><div class=\"wtbx_vc_el_container wtbx_vc_column_container\"><div class=\"wtbx_vc_el_inner wtbx_vc_column_inner\"><div class=\"wtbx_column_wrapper clearfix\"><div class=\"wtbx_column_content\"><div class=\"wtbx_vc_section_divider wtbx_vc_section_divider-53682108\"><div class=\"wtbx-section-decoration wtbx-decoration-layered-1\"><svg xmlns=\"http:\/\/www.w3.org\/2000\/svg\" version=\"1.1\" width=\"100%\" height=\"100%\" viewBox=\"0 0 100 100\" preserveAspectRatio=\"none\"><path d=\"M4.4408921e-15,8.16369858 C2.13175456,3.16793204 4.70743815,0.670048765 7.72705078,0.670048765 C18.4671021,0.670048765 22.2784424,43.4806415 34.4662476,43.4806415 C47.1838379,43.4806415 47.9907032,25.7087262 58.7713972,25.7087262 C72.0083967,25.7087262 77.9150391,94.4423992 100,94.4423992 L100,100.670049 L0,100.670049 L4.4408921e-15,8.16369858 Z\" fill=\"rgba(255,255,255,1)\"><\/path><path d=\"M4.4408921e-15,8.16369858 C2.13175456,3.16793204 4.70743815,0.670048765 7.72705078,0.670048765 C18.4671021,0.670048765 22.2784424,43.4806415 34.4662476,43.4806415 C47.1838379,43.4806415 47.9907032,22.2514492 58.7713972,22.2514492 C72.0083967,22.2514492 77.9150391,87.7804472 100,87.7804472 L100,100.670049 L0,100.670049 L4.4408921e-15,8.16369858 Z\" fill=\"rgba(255,255,255,1)\"><\/path><path d=\"M4.4408921e-15,8.16369858 C2.13175456,3.16793204 4.70743815,0.670048765 7.72705078,0.670048765 C18.4671021,0.670048765 22.2784424,40.9095743 34.4662476,40.9095743 C47.1838379,40.9095743 47.9907032,18.4662671 58.7713972,18.4662671 C72.0083967,18.4662671 77.9150391,79.1277087 100,79.1277087 L100,100.670049 L0,100.670049 L4.4408921e-15,8.16369858 Z\" fill=\"rgba(255,255,255,1)\"><\/path><\/svg><\/div><\/div><\/div><\/div><\/div><\/div><\/div><\/div><\/div><\/div><\/div><\/div><\/div><\/div><div class=\"wtbx_vc_row wtbx_vc_row-53682463 wtbx_stretch_row wtbx_anim_style_1\" data-skin=\"light\"><div class=\"wtbx_vc_el_container wtbx_vc_row_container\"><div class=\"wtbx_vc_el_inner wtbx_vc_row_inner\"><div class=\"wtbx_row_wrapper\"><div class=\"wtbx_row_content clearfix\"><div class=\"wtbx_row_content_wrapper\"><div class=\"wtbx_row_content_inner clearfix\"><div class=\"wtbx_vc_column vc_col-sm-12 wtbx_with_image wtbx_vc_column-53683105\"><div class=\"wtbx_vc_el_container wtbx_vc_column_container\"><div class=\"wtbx_vc_el_inner wtbx_vc_column_inner\"><div class=\"wtbx_column_wrapper clearfix\"><div class=\"wtbx_column_content\"><div class=\"wtbx_vc_row wtbx_vc_inner_row wtbx_vc_inner_row-53683538 wtbx_stretch_row\"><div class=\"wtbx_vc_el_container wtbx_vc_inner_row_container\"><div class=\"wtbx_vc_el_inner wtbx_vc_inner_row_inner\"><div class=\"wtbx_inner_row_wrapper\"><div class=\"wtbx_inner_row_bg\"><div class=\"wtbx_inner_row_bg_inner wtbx-element-reveal wtbx-reveal-cont\"><div class=\"wtbx_inner_row_bg_media_wrapper wtbx-entry-media\"><div class=\"wtbx_inner_row_bg_media\"><\/div><\/div><\/div><\/div><div class=\"wtbx_inner_row_content clearfix\"><div class=\"wtbx_inner_row_content_wrapper\"><div class=\"wtbx_inner_row_content_inner clearfix\"><div class=\"wtbx_vc_inner_column vc_col-sm-4 wtbx_with_image wtbx_vc_inner_column-53683893\"><div class=\"wtbx_vc_el_container wtbx_vc_inner_column_container\"><div class=\"wtbx_vc_el_inner wtbx_vc_inner_column_inner\"><div class=\"wtbx_inner_column_bg\"><div class=\"wtbx_inner_column_bg_inner wtbx-element-reveal wtbx-reveal-cont\"><\/div><\/div><div class=\"wtbx_inner_column_wrapper clearfix\"><div class=\"wtbx_inner_column_content\"><div class=\"wtbx_vc_image_box wtbx_vc_image_box-53684312 wtbx_style_1 wtbx_ib_align_left wtbx_skin_light\"><figure class=\"wtbx_image_wrapper wtbx_preloader_cont wtbx_with_image\">\n<div class=\"wtbx-preloader-wrapper wtbx-preloader-el\">\n\t<div class=\"wtbx-preloader-container\">\n\n\t\t\n\t\t\t<div class=\"wtbx-preloader wtbx-preloader-1\"><\/div>\n\n\t\t\t<\/div>\n<\/div><div class=\"wtbx_vc_el_container wtbx_vc_image_box_container\"><div class=\"wtbx_vc_el_inner wtbx_vc_image_box_inner\"><div class=\"wtbx_image_inner wtbx-element-reveal wtbx-reveal-cont\"><div class=\"wtbx_image\"><div class=\"wtbx_image_bg\"><div class=\"wtbx-image-crop\" style=\"padding-bottom: 100%\"><img decoding=\"async\" class=\"wtbx-image wtbx-lazy lazyload\" data-bg=\"false\" data-imgratio=\"1:1\" data-aspectratio=\"0.6084\" src=\"data:image\/gif;base64,R0lGODlhAQABAAAAACH5BAEKAAEALAAAAAABAAEAAAICTAEAOw==\" srcset=\"\" data-src=\"https:\/\/www.miracleseasons.sk\/wp-content\/uploads\/2024\/02\/f3-183x300.jpg\" data-path=\"https:\/\/www.miracleseasons.sk\/wp-content\/uploads\/2024\/02\/f3\" data-dims=\"[&quot;.jpg 623w&quot;,&quot;183x300.jpg 183w&quot;]\" data-sizes=\"auto\" data-parent-fit=\"cover\" alt=\"f3\" \/><\/div><\/div><a class=\"wtbx_image_overlay\" href=\"https:\/\/www.miracleseasons.sk\/pobytove-baliky\/31-pobytovy-balicek\/\" title=\"Apartm\u00e1n classic\" target=\"_self\"><div class=\"wtbx_image_box_button\"><i class=\"scape-ui-link\"><\/i><\/div><\/a><svg xmlns=\"http:\/\/www.w3.org\/2000\/svg\" version=\"1.1\" viewBox=\"0 0 100 100\" preserveAspectRatio=\"none\"><path d=\"M0 100 L0 90 C40 -30 60 -30 100 90 L100 100 Z\" fill=\"#ffffff\"><\/path><\/svg><\/div><div class=\"wtbx_image_box_content\"><div class=\"wtbx_image_box_title\">3+1 pobytov\u00fd bal\u00ed\u010dek<\/div><div class=\"wtbx_image_box_descr\"><p style=\"font-weight: 400;\">Rezervujte pobyt na 3 noci a 4. m\u00e1te ubytovanie <strong>ZADARMO<\/strong>!<br \/>\nCena: <strong>90\u20ac\/noc<\/strong><\/p>\n<\/div><\/div><\/div><\/div><\/div><\/figure><\/div><\/div><\/div><\/div><\/div><\/div><div class=\"wtbx_vc_inner_column vc_col-sm-4 wtbx_with_image wtbx_vc_inner_column-53687533\"><div class=\"wtbx_vc_el_container wtbx_vc_inner_column_container\"><div class=\"wtbx_vc_el_inner wtbx_vc_inner_column_inner\"><div class=\"wtbx_inner_column_bg\"><div class=\"wtbx_inner_column_bg_inner wtbx-element-reveal wtbx-reveal-cont\"><\/div><\/div><div class=\"wtbx_inner_column_wrapper clearfix\"><div class=\"wtbx_inner_column_content\"><div class=\"wtbx_vc_image_box wtbx_vc_image_box-53688176 wtbx_style_1 wtbx_ib_align_left wtbx_skin_light\"><figure class=\"wtbx_image_wrapper wtbx_preloader_cont wtbx_with_image\">\n<div class=\"wtbx-preloader-wrapper wtbx-preloader-el\">\n\t<div class=\"wtbx-preloader-container\">\n\n\t\t\n\t\t\t<div class=\"wtbx-preloader wtbx-preloader-1\"><\/div>\n\n\t\t\t<\/div>\n<\/div><div class=\"wtbx_vc_el_container wtbx_vc_image_box_container\"><div class=\"wtbx_vc_el_inner wtbx_vc_image_box_inner\"><div class=\"wtbx_image_inner wtbx-element-reveal wtbx-reveal-cont\"><div class=\"wtbx_image\"><div class=\"wtbx_image_bg\"><div class=\"wtbx-image-crop\" style=\"padding-bottom: 100%\"><img decoding=\"async\" class=\"wtbx-image wtbx-lazy lazyload\" data-bg=\"false\" data-imgratio=\"1:1\" data-aspectratio=\"0.75\" src=\"data:image\/gif;base64,R0lGODlhAQABAAAAACH5BAEKAAEALAAAAAABAAEAAAICTAEAOw==\" srcset=\"\" data-src=\"https:\/\/www.miracleseasons.sk\/wp-content\/uploads\/2024\/02\/valentin-225x300.jpg\" data-path=\"https:\/\/www.miracleseasons.sk\/wp-content\/uploads\/2024\/02\/valentin\" data-dims=\"[&quot;.jpg 960w&quot;,&quot;225x300.jpg 225w&quot;,&quot;768x1024.jpg 768w&quot;]\" data-sizes=\"auto\" data-parent-fit=\"cover\" alt=\"valentin\" \/><\/div><\/div><a class=\"wtbx_image_overlay\" href=\"https:\/\/www.miracleseasons.sk\/pobytove-baliky\/balik-romantika\/\" title=\"Romantika\" target=\"_self\"><div class=\"wtbx_image_box_button\"><i class=\"scape-ui-link\"><\/i><\/div><\/a><svg xmlns=\"http:\/\/www.w3.org\/2000\/svg\" version=\"1.1\" viewBox=\"0 0 100 100\" preserveAspectRatio=\"none\"><path d=\"M0 100 L0 90 C40 -30 60 -30 100 90 L100 100 Z\" fill=\"#ffffff\"><\/path><\/svg><\/div><div class=\"wtbx_image_box_content\"><div class=\"wtbx_image_box_title\">Romantika - pobytov\u00fd bal\u00ed\u010dek<\/div><div class=\"wtbx_image_box_descr\"><p>Str\u00e1vte so svojou polovi\u010dkou romantick\u00e9 chv\u00edle v kr\u00e1snom prostred\u00ed v srdci Liptova<\/p>\n<p>Cena: <strong>120\u20ac\/noc<\/strong><\/p>\n<\/div><\/div><\/div><\/div><\/div><\/figure><\/div><\/div><\/div><\/div><\/div><\/div><div class=\"wtbx_vc_inner_column vc_col-sm-4 wtbx_with_image wtbx_vc_inner_column-53690984\"><div class=\"wtbx_vc_el_container wtbx_vc_inner_column_container\"><div class=\"wtbx_vc_el_inner wtbx_vc_inner_column_inner\"><div class=\"wtbx_inner_column_bg\"><div class=\"wtbx_inner_column_bg_inner wtbx-element-reveal wtbx-reveal-cont\"><\/div><\/div><div class=\"wtbx_inner_column_wrapper clearfix\"><div class=\"wtbx_inner_column_content\"><div class=\"wtbx_vc_image_box wtbx_vc_image_box-53691500 wtbx_style_1 wtbx_ib_align_left wtbx_skin_light\"><figure class=\"wtbx_image_wrapper wtbx_preloader_cont wtbx_with_image\">\n<div class=\"wtbx-preloader-wrapper wtbx-preloader-el\">\n\t<div class=\"wtbx-preloader-container\">\n\n\t\t\n\t\t\t<div class=\"wtbx-preloader wtbx-preloader-1\"><\/div>\n\n\t\t\t<\/div>\n<\/div><div class=\"wtbx_vc_el_container wtbx_vc_image_box_container\"><div class=\"wtbx_vc_el_inner wtbx_vc_image_box_inner\"><div class=\"wtbx_image_inner wtbx-element-reveal wtbx-reveal-cont\"><div class=\"wtbx_image\"><div class=\"wtbx_image_bg\"><div class=\"wtbx-image-crop\" style=\"padding-bottom: 100%\"><img decoding=\"async\" class=\"wtbx-image wtbx-lazy lazyload\" data-bg=\"false\" data-imgratio=\"1:1\" data-aspectratio=\"1.3333\" src=\"data:image\/gif;base64,R0lGODlhAQABAAAAACH5BAEKAAEALAAAAAABAAEAAAICTAEAOw==\" srcset=\"\" data-src=\"https:\/\/www.miracleseasons.sk\/wp-content\/uploads\/2024\/02\/IMG_5129-300x225.jpg\" data-path=\"https:\/\/www.miracleseasons.sk\/wp-content\/uploads\/2024\/02\/IMG_5129\" data-dims=\"[&quot;scaled.jpg 2560w&quot;,&quot;300x225.jpg 300w&quot;,&quot;1024x768.jpg 1024w&quot;,&quot;768x576.jpg 768w&quot;,&quot;1536x1152.jpg 1536w&quot;,&quot;2048x1536.jpg 2048w&quot;,&quot;1440x1080.jpg 1440w&quot;,&quot;1920x1440.jpg 1920w&quot;]\" data-sizes=\"auto\" data-parent-fit=\"cover\" alt=\"IMG_5129\" \/><\/div><\/div><a class=\"wtbx_image_overlay\" href=\"https:\/\/www.miracleseasons.sk\/pobytove-baliky\/turisticky-pobyt-na-mieru\/\" title=\"Apartm\u00e1n Mezonet\" target=\"_self\"><div class=\"wtbx_image_box_button\"><i class=\"scape-ui-link\"><\/i><\/div><\/a><svg xmlns=\"http:\/\/www.w3.org\/2000\/svg\" version=\"1.1\" viewBox=\"0 0 100 100\" preserveAspectRatio=\"none\"><path d=\"M0 100 L0 90 C40 -30 60 -30 100 90 L100 100 Z\" fill=\"#ffffff\"><\/path><\/svg><\/div><div class=\"wtbx_image_box_content\"><div class=\"wtbx_image_box_title\">Turistick\u00fd pobyt na mieru - pobytov\u00fd bal\u00ed\u010dek<\/div><div class=\"wtbx_image_box_descr\"><p>Turistick\u00fd pobyt na mieru &#8211; pobytov\u00fd bal\u00ed\u010dek<\/p>\n<p>Cena: <strong>110\u20ac\/noc<\/strong><\/p>\n<\/div><\/div><\/div><\/div><\/div><\/figure><\/div><\/div><\/div><\/div><\/div><\/div><\/div><\/div><\/div><\/div><\/div><\/div><\/div><div class=\"wtbx_vc_row wtbx_vc_inner_row wtbx_vc_inner_row-53694583 wtbx_stretch_row\"><div class=\"wtbx_vc_el_container wtbx_vc_inner_row_container\"><div class=\"wtbx_vc_el_inner wtbx_vc_inner_row_inner\"><div class=\"wtbx_inner_row_wrapper\"><div class=\"wtbx_inner_row_bg\"><div class=\"wtbx_inner_row_bg_inner wtbx-element-reveal wtbx-reveal-cont\"><div class=\"wtbx_inner_row_bg_media_wrapper wtbx-entry-media\"><div class=\"wtbx_inner_row_bg_media\"><\/div><\/div><\/div><\/div><div class=\"wtbx_inner_row_content clearfix\"><div class=\"wtbx_inner_row_content_wrapper\"><div class=\"wtbx_inner_row_content_inner clearfix\"><div class=\"wtbx_vc_inner_column vc_col-sm-4 wtbx_with_image wtbx_vc_inner_column-53695155\"><div class=\"wtbx_vc_el_container wtbx_vc_inner_column_container\"><div class=\"wtbx_vc_el_inner wtbx_vc_inner_column_inner\"><div class=\"wtbx_inner_column_bg\"><div class=\"wtbx_inner_column_bg_inner wtbx-element-reveal wtbx-reveal-cont\"><\/div><\/div><div class=\"wtbx_inner_column_wrapper clearfix\"><div class=\"wtbx_inner_column_content\"><div class=\"wtbx_vc_image_box wtbx_vc_image_box-53695646 wtbx_style_1 wtbx_ib_align_left wtbx_skin_light\"><figure class=\"wtbx_image_wrapper wtbx_preloader_cont wtbx_with_image\">\n<div class=\"wtbx-preloader-wrapper wtbx-preloader-el\">\n\t<div class=\"wtbx-preloader-container\">\n\n\t\t\n\t\t\t<div class=\"wtbx-preloader wtbx-preloader-1\"><\/div>\n\n\t\t\t<\/div>\n<\/div><div class=\"wtbx_vc_el_container wtbx_vc_image_box_container\"><div class=\"wtbx_vc_el_inner wtbx_vc_image_box_inner\"><div class=\"wtbx_image_inner wtbx-element-reveal wtbx-reveal-cont\"><div class=\"wtbx_image\"><div class=\"wtbx_image_bg\"><div class=\"wtbx-image-crop\" style=\"padding-bottom: 100%\"><img decoding=\"async\" class=\"wtbx-image wtbx-lazy lazyload\" data-bg=\"false\" data-imgratio=\"1:1\" data-aspectratio=\"1.3333\" src=\"data:image\/gif;base64,R0lGODlhAQABAAAAACH5BAEKAAEALAAAAAABAAEAAAICTAEAOw==\" srcset=\"\" data-src=\"https:\/\/www.miracleseasons.sk\/wp-content\/uploads\/2021\/06\/let-balonom-01-300x225.jpg\" data-path=\"https:\/\/www.miracleseasons.sk\/wp-content\/uploads\/2021\/06\/let-balonom-01\" data-dims=\"[&quot;.jpg 1280w&quot;,&quot;300x225.jpg 300w&quot;,&quot;1024x768.jpg 1024w&quot;,&quot;768x576.jpg 768w&quot;]\" data-sizes=\"auto\" data-parent-fit=\"cover\" alt=\"let-balonom-01\" \/><\/div><\/div><a class=\"wtbx_image_overlay\" href=\"https:\/\/www.miracleseasons.sk\/pobytove-baliky\/letny-pobytovy-balik\/\" target=\"_self\"><div class=\"wtbx_image_box_button\"><i class=\"scape-ui-link\"><\/i><\/div><\/a><svg xmlns=\"http:\/\/www.w3.org\/2000\/svg\" version=\"1.1\" viewBox=\"0 0 100 100\" preserveAspectRatio=\"none\"><path d=\"M0 100 L0 90 C40 -30 60 -30 100 90 L100 100 Z\" fill=\"#ffffff\"><\/path><\/svg><\/div><div class=\"wtbx_image_box_content\"><div class=\"wtbx_image_box_title\">Letn\u00fd pobytov\u00fd bal\u00edk<\/div><div class=\"wtbx_image_box_descr\"><p style=\"font-weight: 400;\">Term\u00edn: <strong>od<\/strong> <strong>29.06. do 01.09.2024<\/strong><br \/>\nCena: <strong>125\u20ac\/noc<\/strong><\/p>\n<\/div><\/div><\/div><\/div><\/div><\/figure><\/div><\/div><\/div><\/div><\/div><\/div><div class=\"wtbx_vc_inner_column vc_col-sm-4 wtbx_with_image wtbx_vc_inner_column-53697535\"><div class=\"wtbx_vc_el_container wtbx_vc_inner_column_container\"><div class=\"wtbx_vc_el_inner wtbx_vc_inner_column_inner\"><div class=\"wtbx_inner_column_bg\"><div class=\"wtbx_inner_column_bg_inner wtbx-element-reveal wtbx-reveal-cont\"><\/div><\/div><div class=\"wtbx_inner_column_wrapper clearfix\"><div class=\"wtbx_inner_column_content\"><div class=\"wtbx_vc_image_box wtbx_vc_image_box-53698015 wtbx_style_1 wtbx_ib_align_left wtbx_skin_light\"><figure class=\"wtbx_image_wrapper wtbx_preloader_cont wtbx_with_image\">\n<div class=\"wtbx-preloader-wrapper wtbx-preloader-el\">\n\t<div class=\"wtbx-preloader-container\">\n\n\t\t\n\t\t\t<div class=\"wtbx-preloader wtbx-preloader-1\"><\/div>\n\n\t\t\t<\/div>\n<\/div><div class=\"wtbx_vc_el_container wtbx_vc_image_box_container\"><div class=\"wtbx_vc_el_inner wtbx_vc_image_box_inner\"><div class=\"wtbx_image_inner wtbx-element-reveal wtbx-reveal-cont\"><div class=\"wtbx_image\"><div class=\"wtbx_image_bg\"><div class=\"wtbx-image-crop\" style=\"padding-bottom: 100%\"><img decoding=\"async\" class=\"wtbx-image wtbx-lazy lazyload\" data-bg=\"false\" data-imgratio=\"1:1\" data-aspectratio=\"0.75\" src=\"data:image\/gif;base64,R0lGODlhAQABAAAAACH5BAEKAAEALAAAAAABAAEAAAICTAEAOw==\" srcset=\"\" data-src=\"https:\/\/www.miracleseasons.sk\/wp-content\/uploads\/2024\/02\/jesen3-225x300.jpg\" data-path=\"https:\/\/www.miracleseasons.sk\/wp-content\/uploads\/2024\/02\/jesen3\" data-dims=\"[&quot;.jpg 768w&quot;,&quot;225x300.jpg 225w&quot;]\" data-sizes=\"auto\" data-parent-fit=\"cover\" alt=\"jesen3\" \/><\/div><\/div><a class=\"wtbx_image_overlay\" href=\"https:\/\/www.miracleseasons.sk\/pobytove-baliky\/jesenny-pobytovy-balik\/\" target=\"_self\"><div class=\"wtbx_image_box_button\"><i class=\"scape-ui-link\"><\/i><\/div><\/a><svg xmlns=\"http:\/\/www.w3.org\/2000\/svg\" version=\"1.1\" viewBox=\"0 0 100 100\" preserveAspectRatio=\"none\"><path d=\"M0 100 L0 90 C40 -30 60 -30 100 90 L100 100 Z\" fill=\"#ffffff\"><\/path><\/svg><\/div><div class=\"wtbx_image_box_content\"><div class=\"wtbx_image_box_title\">Jesenn\u00fd pobytov\u00fd bal\u00edk<\/div><div class=\"wtbx_image_box_descr\"><p>Term\u00edn: <strong>od 02.09 do 30.11.2024<\/strong><br \/>\nCena: <strong>90\u20ac\/noc<\/strong><\/p>\n<\/div><\/div><\/div><\/div><\/div><\/figure><\/div><\/div><\/div><\/div><\/div><\/div><div class=\"wtbx_vc_inner_column vc_col-sm-4 wtbx_with_image wtbx_vc_inner_column-53700773\"><div class=\"wtbx_vc_el_container wtbx_vc_inner_column_container\"><div class=\"wtbx_vc_el_inner wtbx_vc_inner_column_inner\"><div class=\"wtbx_inner_column_bg\"><div class=\"wtbx_inner_column_bg_inner wtbx-element-reveal wtbx-reveal-cont\"><\/div><\/div><div class=\"wtbx_inner_column_wrapper clearfix\"><div class=\"wtbx_inner_column_content\"><div class=\"wtbx_vc_image_box wtbx_vc_image_box-53701315 wtbx_style_1 wtbx_ib_align_left wtbx_skin_light\"><figure class=\"wtbx_image_wrapper wtbx_preloader_cont wtbx_with_image\">\n<div class=\"wtbx-preloader-wrapper wtbx-preloader-el\">\n\t<div class=\"wtbx-preloader-container\">\n\n\t\t\n\t\t\t<div class=\"wtbx-preloader wtbx-preloader-1\"><\/div>\n\n\t\t\t<\/div>\n<\/div><div class=\"wtbx_vc_el_container wtbx_vc_image_box_container\"><div class=\"wtbx_vc_el_inner wtbx_vc_image_box_inner\"><div class=\"wtbx_image_inner wtbx-element-reveal wtbx-reveal-cont\"><div class=\"wtbx_image\"><div class=\"wtbx_image_bg\"><div class=\"wtbx-image-crop\" style=\"padding-bottom: 100%\"><img decoding=\"async\" class=\"wtbx-image wtbx-lazy lazyload\" data-bg=\"false\" data-imgratio=\"1:1\" data-aspectratio=\"1.5897\" src=\"data:image\/gif;base64,R0lGODlhAQABAAAAACH5BAEKAAEALAAAAAABAAEAAAICTAEAOw==\" srcset=\"\" data-src=\"https:\/\/www.miracleseasons.sk\/wp-content\/uploads\/2024\/06\/att.Z_Q23y1yCXb3AA9WkA0Nvc0UDVB5SkU6VfPGNJex-2k-1-300x189.jpg\" data-path=\"https:\/\/www.miracleseasons.sk\/wp-content\/uploads\/2024\/06\/att.Z_Q23y1yCXb3AA9WkA0Nvc0UDVB5SkU6VfPGNJex-2k-1\" data-dims=\"[&quot;.jpg 496w&quot;,&quot;300x189.jpg 300w&quot;]\" data-sizes=\"auto\" data-parent-fit=\"cover\" alt=\"att.Z_Q23y1yCXb3AA9WkA0Nvc0UDVB5SkU6VfPGNJex-2k (1)\" \/><\/div><\/div><a class=\"wtbx_image_overlay\" href=\"https:\/\/www.miracleseasons.sk\/pobytove-baliky\/3-noci-ranajky-zadarmo-balicek\/\" title=\"Apartm\u00e1n classic\" target=\"_self\"><div class=\"wtbx_image_box_button\"><i class=\"scape-ui-link\"><\/i><\/div><\/a><svg xmlns=\"http:\/\/www.w3.org\/2000\/svg\" version=\"1.1\" viewBox=\"0 0 100 100\" preserveAspectRatio=\"none\"><path d=\"M0 100 L0 90 C40 -30 60 -30 100 90 L100 100 Z\" fill=\"#ffffff\"><\/path><\/svg><\/div><div class=\"wtbx_image_box_content\"><div class=\"wtbx_image_box_title\">3 noci \u2013 ra\u0148ajky zadarmo bal\u00ed\u010dek<\/div><div class=\"wtbx_image_box_descr\"><p style=\"font-weight: 400;\">Rezervujte pobyt na 3 noci a ra\u0148ajky m\u00e1te ZADARMO!<\/p>\n<p style=\"font-weight: 400;\">Cena: <strong>95\u20ac\/noc<\/strong><\/p>\n<\/div><\/div><\/div><\/div><\/div><\/figure><\/div><\/div><\/div><\/div><\/div><\/div><\/div><\/div><\/div><\/div><\/div><\/div><\/div><\/div><\/div><\/div><\/div><\/div><\/div><\/div><\/div><\/div><\/div><\/div><\/div>\n","protected":false},"excerpt":{"rendered":"V\u00fdhodn\u00e9 pobytov\u00e9 bal\u00edky na Liptove 3+1 pobytov\u00fd bal\u00ed\u010dekRezervujte pobyt na 3 noci a 4. m\u00e1te ubytovanie ZADARMO! Cena: 90\u20ac\/noc Romantika - pobytov\u00fd bal\u00ed\u010dekStr\u00e1vte so svojou polovi\u010dkou romantick\u00e9 chv\u00edle v kr\u00e1snom prostred\u00ed v srdci Liptova Cena: 120\u20ac\/noc Turistick\u00fd pobyt na mieru - pobytov\u00fd bal\u00ed\u010dekTuristick\u00fd pobyt na mieru - pobytov\u00fd bal\u00ed\u010dek Cena: 110\u20ac\/noc Letn\u00fd pobytov\u00fd bal\u00edkTerm\u00edn: od 29.06. do 01.09.2024 Cena: 125\u20ac\/noc Jesenn\u00fd pobytov\u00fd bal\u00edkTerm\u00edn: od 02.09 do 30.11.2024 Cena: 90\u20ac\/noc 3 noci \u2013 ra\u0148ajky zadarmo bal\u00ed\u010dekRezervujte [...]","protected":false},"author":1,"featured_media":346,"parent":0,"menu_order":0,"comment_status":"closed","ping_status":"closed","template":"","meta":{"_monsterinsights_skip_tracking":false,"_monsterinsights_sitenote_active":false,"_monsterinsights_sitenote_note":"","_monsterinsights_sitenote_category":0,"footnotes":""},"class_list":["post-902","page","type-page","status-publish","has-post-thumbnail","hentry"],"aioseo_notices":[],"_links":{"self":[{"href":"https:\/\/www.miracleseasons.sk\/en\/wp-json\/wp\/v2\/pages\/902","targetHints":{"allow":["GET"]}}],"collection":[{"href":"https:\/\/www.miracleseasons.sk\/en\/wp-json\/wp\/v2\/pages"}],"about":[{"href":"https:\/\/www.miracleseasons.sk\/en\/wp-json\/wp\/v2\/types\/page"}],"author":[{"embeddable":true,"href":"https:\/\/www.miracleseasons.sk\/en\/wp-json\/wp\/v2\/users\/1"}],"replies":[{"embeddable":true,"href":"https:\/\/www.miracleseasons.sk\/en\/wp-json\/wp\/v2\/comments?post=902"}],"version-history":[{"count":15,"href":"https:\/\/www.miracleseasons.sk\/en\/wp-json\/wp\/v2\/pages\/902\/revisions"}],"predecessor-version":[{"id":979,"href":"https:\/\/www.miracleseasons.sk\/en\/wp-json\/wp\/v2\/pages\/902\/revisions\/979"}],"wp:featuredmedia":[{"embeddable":true,"href":"https:\/\/www.miracleseasons.sk\/en\/wp-json\/wp\/v2\/media\/346"}],"wp:attachment":[{"href":"https:\/\/www.miracleseasons.sk\/en\/wp-json\/wp\/v2\/media?parent=902"}],"curies":[{"name":"wp","href":"https:\/\/api.w.org\/{rel}","templated":true}]}}