{"id":923,"date":"2024-02-01T15:18:06","date_gmt":"2024-02-01T14:18:06","guid":{"rendered":"https:\/\/www.miracleseasons.sk\/?page_id=923"},"modified":"2024-06-07T21:42:44","modified_gmt":"2024-06-07T19:42:44","slug":"jesenny-pobytovy-balik","status":"publish","type":"page","link":"https:\/\/www.miracleseasons.sk\/en\/pobytove-baliky\/jesenny-pobytovy-balik\/","title":{"rendered":"Autumn stay package"},"content":{"rendered":"<div class=\"wtbx_vc_row wtbx_vc_row-214493382 wtbx_stretch_row_content wtbx_align_center wtbx-fadeout wtbx_anim_style_1 wtbx_row_fixed_height_screen wtbx_row-flex-align-stretch wtbx_row-content-align-middle wtbx_row-flex  wtbx_disable_height_mobile_landscape\" data-skin=\"light\"><div class=\"wtbx_vc_el_container wtbx_vc_row_container\"><div class=\"wtbx_vc_el_inner wtbx_vc_row_inner\"><div class=\"wtbx_row_wrapper\"><div class=\"wtbx_row_bg\"><div class=\"wtbx_row_bg_inner wtbx-element-reveal wtbx-reveal-cont\"><div class=\"wtbx_row_bg_media_wrapper wtbx-entry-media\"><div class=\"wtbx_row_bg_media\"><div class=\"wtbx-bg-image\"><div class=\"wtbx-bg-image-inner\"><div  class=\"wtbx_row_bg_image wtbx-image lazyload wtbx-lazy wtbx-lazyloaded\" data-bg=\"true\" style=\"background-image: url('https:\/\/www.miracleseasons.sk\/wp-content\/uploads\/2020\/09\/region-liptov-03-OMDX5275-300x225.jpg')\" data-sizes=\"auto\" data-path=\"https:\/\/www.miracleseasons.sk\/wp-content\/uploads\/2020\/09\/region-liptov-03-OMDX5275\" data-dims=\"[&quot;.jpg 1280w 960h&quot;,&quot;300x225.jpg 300w 225h&quot;,&quot;1024x768.jpg 1024w 768h&quot;,&quot;768x576.jpg 768w 576h&quot;]\" data-ratio=\"75\" aria-label=\"region-liptov-03-OMDX5275\"><\/div><\/div><\/div><\/div><\/div><div class=\"wtbx_row_bg_overlay\"><\/div><\/div><\/div><div class=\"wtbx_row_content clearfix\"><div class=\"wtbx_row_content_wrapper\"><div class=\"wtbx_row_content_inner clearfix\"><div class=\"wtbx_vc_column vc_col-sm-12 wtbx_with_image wtbx_vc_column-214508886\"><div class=\"wtbx_vc_el_container wtbx_vc_column_container\"><div class=\"wtbx_vc_el_inner wtbx_vc_column_inner\"><div class=\"wtbx_column_wrapper clearfix\"><div class=\"wtbx_column_content\"><div class=\"wtbx_vc_row wtbx_vc_inner_row wtbx_vc_inner_row-214509999 wtbx_stretch_row\"><div class=\"wtbx_vc_el_container wtbx_vc_inner_row_container\"><div class=\"wtbx_vc_el_inner wtbx_vc_inner_row_inner\"><div class=\"wtbx_inner_row_wrapper\"><div class=\"wtbx_inner_row_bg\"><div class=\"wtbx_inner_row_bg_inner wtbx-element-reveal wtbx-reveal-cont\"><div class=\"wtbx_inner_row_bg_media_wrapper wtbx-entry-media\"><div class=\"wtbx_inner_row_bg_media\"><\/div><\/div><\/div><\/div><div class=\"wtbx_inner_row_content clearfix\"><div class=\"wtbx_inner_row_content_wrapper\"><div class=\"wtbx_inner_row_content_inner clearfix\"><div class=\"wtbx_vc_inner_column vc_col-sm-12 wtbx_with_image wtbx_vc_inner_column-214510898\"><div class=\"wtbx_vc_el_container wtbx_vc_inner_column_container\"><div class=\"wtbx_vc_el_inner wtbx_vc_inner_column_inner\"><div class=\"wtbx_inner_column_bg\"><div class=\"wtbx_inner_column_bg_inner wtbx-element-reveal wtbx-reveal-cont\"><\/div><\/div><div class=\"wtbx_inner_column_wrapper clearfix\"><div class=\"wtbx_inner_column_content\"><div class=\"wtbx_vc_styled_heading wtbx_vc_styled_heading-214511602 wtbx_style_default wtbx_appearance_animation wtbx-anim-fade-in wtbx-duration-1000 wtbx_easing-natural\"><div class=\"wtbx_vc_el_container wtbx_vc_styled_heading_container clearfix\"><div class=\"wtbx_vc_el_inner wtbx_vc_styled_heading_inner\"><div class=\"wtbx_heading_el_title_wrapper h1\"><h1 class=\"wtbx_heading_el_title\">Jesenn\u00fd pobytov\u00fd bal\u00edk<\/h1><\/div><\/div><\/div><\/div>\n\n<div class=\"wtbx_vc_empty_space wtbx_vc_empty_space-214512169\">\n\t\t<span class=\"wtbx_empty_space_inner\"><\/span>\n<\/div>\n<\/div><\/div><\/div><\/div><\/div><\/div><\/div><\/div><\/div><\/div><\/div><\/div><\/div><\/div><\/div><\/div><\/div><\/div><\/div><\/div><\/div><\/div><\/div><\/div><div class=\"wtbx_vc_row wtbx_vc_row-214513005 wtbx_stretch_row_content wtbx_anim_style_1\" data-skin=\"light\"><div class=\"wtbx_vc_el_container wtbx_vc_row_container\"><div class=\"wtbx_vc_el_inner wtbx_vc_row_inner\"><div class=\"wtbx_row_wrapper\"><div class=\"wtbx_row_content clearfix\"><div class=\"wtbx_row_content_wrapper\"><div class=\"wtbx_row_content_inner clearfix\"><div class=\"wtbx_vc_column vc_col-sm-12 wtbx_with_image wtbx_vc_column-214514075\"><div class=\"wtbx_vc_el_container wtbx_vc_column_container\"><div class=\"wtbx_vc_el_inner wtbx_vc_column_inner\"><div class=\"wtbx_column_wrapper clearfix\"><div class=\"wtbx_column_content\"><div class=\"wtbx_vc_section_divider wtbx_vc_section_divider-214514630\"><div class=\"wtbx-section-decoration wtbx-decoration-layered-1\"><svg xmlns=\"http:\/\/www.w3.org\/2000\/svg\" version=\"1.1\" width=\"100%\" height=\"100%\" viewBox=\"0 0 100 100\" preserveAspectRatio=\"none\"><path d=\"M4.4408921e-15,8.16369858 C2.13175456,3.16793204 4.70743815,0.670048765 7.72705078,0.670048765 C18.4671021,0.670048765 22.2784424,43.4806415 34.4662476,43.4806415 C47.1838379,43.4806415 47.9907032,25.7087262 58.7713972,25.7087262 C72.0083967,25.7087262 77.9150391,94.4423992 100,94.4423992 L100,100.670049 L0,100.670049 L4.4408921e-15,8.16369858 Z\" fill=\"rgba(255,255,255,1)\"><\/path><path d=\"M4.4408921e-15,8.16369858 C2.13175456,3.16793204 4.70743815,0.670048765 7.72705078,0.670048765 C18.4671021,0.670048765 22.2784424,43.4806415 34.4662476,43.4806415 C47.1838379,43.4806415 47.9907032,22.2514492 58.7713972,22.2514492 C72.0083967,22.2514492 77.9150391,87.7804472 100,87.7804472 L100,100.670049 L0,100.670049 L4.4408921e-15,8.16369858 Z\" fill=\"rgba(255,255,255,1)\"><\/path><path d=\"M4.4408921e-15,8.16369858 C2.13175456,3.16793204 4.70743815,0.670048765 7.72705078,0.670048765 C18.4671021,0.670048765 22.2784424,40.9095743 34.4662476,40.9095743 C47.1838379,40.9095743 47.9907032,18.4662671 58.7713972,18.4662671 C72.0083967,18.4662671 77.9150391,79.1277087 100,79.1277087 L100,100.670049 L0,100.670049 L4.4408921e-15,8.16369858 Z\" fill=\"rgba(255,255,255,1)\"><\/path><\/svg><\/div><\/div><\/div><\/div><\/div><\/div><\/div><\/div><\/div><\/div><\/div><\/div><\/div><\/div><div class=\"wtbx_vc_row wtbx_vc_row-214515221 wtbx_stretch_row wtbx_anim_style_1 wtbx_row-flex-align-stretch wtbx_row-content-align-middle wtbx_row-flex\" data-skin=\"light\"><div class=\"wtbx_vc_el_container wtbx_vc_row_container\"><div class=\"wtbx_vc_el_inner wtbx_vc_row_inner\"><div class=\"wtbx_row_wrapper\"><div class=\"wtbx_row_content clearfix\"><div class=\"wtbx_row_content_wrapper\"><div class=\"wtbx_row_content_inner clearfix\"><div class=\"wtbx_vc_column vc_col-sm-12 wtbx_with_image wtbx_vc_column-214516247 wtbx_center_align_tablet_portrait\"><div class=\"wtbx_vc_el_container wtbx_vc_column_container\"><div class=\"wtbx_vc_el_inner wtbx_vc_column_inner\"><div class=\"wtbx_column_wrapper clearfix\"><div class=\"wtbx_column_content\"><div class=\"wtbx_vc_text_element wtbx_vc_text_element-214516864 wtbx_display_block\"><div class=\"wtbx_vc_el_container wtbx_vc_text_element_container\"><div class=\"wtbx_text_element_content\"><div class=\"wtbx_text_element_inner\"><p>Miracle Seasons &#8211; Apartm\u00e1ny Dem\u00e4nov\u00e1<\/p>\n<\/div><\/div><\/div><\/div><div class=\"wtbx_vc_styled_heading wtbx_vc_styled_heading-214517396 wtbx_style_default\"><div class=\"wtbx_vc_el_container wtbx_vc_styled_heading_container clearfix\"><div class=\"wtbx_vc_el_inner wtbx_vc_styled_heading_inner\"><div class=\"wtbx_heading_el_title_wrapper h2\"><h2 class=\"wtbx_heading_el_title\">Jesenn\u00fd pobytov\u00fd bal\u00edk<\/h2><\/div><\/div><\/div><\/div><div class=\"wtbx_vc_text_element wtbx_vc_text_element-214517742 wtbx_display_block\"><div class=\"wtbx_vc_el_container wtbx_vc_text_element_container\"><div class=\"wtbx_text_element_content\"><div class=\"wtbx_text_element_inner\"><p><strong>Term\u00edn<\/strong>: od 02.09.do 30.11.2024<\/p>\n<p><strong>Cena<\/strong>: 90\u20ac\/noc<\/p>\n<p class=\"p1\">Jesenn\u00e1 turistika na Liptove stoj\u00ed za to! Rezervujte si term\u00edn v Miracle Seasons v\u00a0 term\u00edne od 02.09.do 30.11.2024 a vyrazte za z\u00e1\u017eitkami po Liptove.<\/p>\n<p><a href=\"https:\/\/bit.ly\/MiracleSeasons_reservation\"><strong>Rezervujte online<\/strong><\/a>, alebo telefonicky na <strong>+421 949 138 382<\/strong><\/p>\n<\/div><\/div><\/div><\/div><\/div><\/div><\/div><\/div><\/div><\/div><\/div><\/div><\/div><\/div><\/div><\/div><div class=\"wtbx_vc_row wtbx_vc_row-214518441 wtbx_stretch_row wtbx_anim_style_1\" data-skin=\"light\"><div class=\"wtbx_vc_el_container wtbx_vc_row_container\"><div class=\"wtbx_vc_el_inner wtbx_vc_row_inner\"><div class=\"wtbx_row_wrapper\"><div class=\"wtbx_row_content clearfix\"><div class=\"wtbx_row_content_wrapper\"><div class=\"wtbx_row_content_inner clearfix\"><div class=\"wtbx_vc_column vc_col-sm-4 wtbx_with_image wtbx_vc_column-214519519\"><div class=\"wtbx_vc_el_container wtbx_vc_column_container\"><div class=\"wtbx_vc_el_inner wtbx_vc_column_inner\"><div class=\"wtbx_column_wrapper clearfix\"><div class=\"wtbx_column_content\"><div class=\"wtbx_vc_image_caption wtbx_vc_image_caption-214520154 wtbx_style_1 wtbx_caption_appear wtbx_skin_light wtbx_scheme_default\"><figure class=\"wtbx_image_wrapper wtbx_preloader_cont wtbx_with_image\">\n<div class=\"wtbx-preloader-wrapper wtbx-preloader-el\">\n\t<div class=\"wtbx-preloader-container\">\n\n\t\t\n\t\t\t<div class=\"wtbx-preloader wtbx-preloader-1\"><\/div>\n\n\t\t\t<\/div>\n<\/div><div class=\"wtbx_vc_el_container wtbx_vc_image_caption_container\"><div class=\"wtbx_vc_el_inner wtbx_vc_image_caption_inner\"><div class=\"wtbx_image_inner touchhover wtbx-element-reveal wtbx-reveal-cont\"><div class=\"wtbx_image_overlap wtbx-lightbox-item\" data-dynamic=\"1\" data-dynamicel=\"[{&quot;src&quot;:&quot;https:\\\/\\\/www.miracleseasons.sk\\\/wp-content\\\/uploads\\\/2020\\\/06\\\/wellness-DSC04273.jpg&quot;,&quot;thumb&quot;:&quot;https:\\\/\\\/www.miracleseasons.sk\\\/wp-content\\\/uploads\\\/2020\\\/06\\\/wellness-DSC04273-300x200.jpg&quot;}]\" data-counter=\"1\" data-thumbnail=\"1\" data-share-buttons=\"facebook,googleplus,linkedin,pinterest,twitter,vkontakte\" data-scroll=\"1\" data-poster=\"\" data-id=\"214522937\"><\/div><div class=\"wtbx_image_bg wtbx_with_lightbox\"><div class=\"wtbx-image-crop\" style=\"padding-bottom: 100%\"><img decoding=\"async\" class=\"wtbx-image wtbx-lazy lazyload\" data-bg=\"false\" data-imgratio=\"1:1\" data-aspectratio=\"0.75\" src=\"data:image\/gif;base64,R0lGODlhAQABAAAAACH5BAEKAAEALAAAAAABAAEAAAICTAEAOw==\" srcset=\"\" data-src=\"https:\/\/www.miracleseasons.sk\/wp-content\/uploads\/2024\/02\/Jesen2-225x300.jpg\" data-path=\"https:\/\/www.miracleseasons.sk\/wp-content\/uploads\/2024\/02\/Jesen2\" data-dims=\"[&quot;.jpg 768w&quot;,&quot;225x300.jpg 225w&quot;]\" data-sizes=\"auto\" data-parent-fit=\"cover\" alt=\"Jesen2\" \/><\/div><\/div><div class=\"wtbx_image_caption_content\"><div class=\"wtbx_image_caption_title\"><\/div><div class=\"wtbx_image_caption_descr\"><\/div><\/div><\/div><\/div><\/div><\/figure><\/div>\n\n<div class=\"wtbx_vc_empty_space wtbx_vc_empty_space-214523661\">\n\t\t<span class=\"wtbx_empty_space_inner\"><\/span>\n<\/div>\n<\/div><\/div><\/div><\/div><\/div><div class=\"wtbx_vc_column vc_col-sm-4 wtbx_with_image wtbx_vc_column-214524011\"><div class=\"wtbx_vc_el_container wtbx_vc_column_container\"><div class=\"wtbx_vc_el_inner wtbx_vc_column_inner\"><div class=\"wtbx_column_wrapper clearfix\"><div class=\"wtbx_column_content\"><div class=\"wtbx_vc_image_caption wtbx_vc_image_caption-214524481 wtbx_style_1 wtbx_caption_appear wtbx_skin_light wtbx_scheme_default\"><figure class=\"wtbx_image_wrapper wtbx_preloader_cont wtbx_with_image\">\n<div class=\"wtbx-preloader-wrapper wtbx-preloader-el\">\n\t<div class=\"wtbx-preloader-container\">\n\n\t\t\n\t\t\t<div class=\"wtbx-preloader wtbx-preloader-1\"><\/div>\n\n\t\t\t<\/div>\n<\/div><div class=\"wtbx_vc_el_container wtbx_vc_image_caption_container\"><div class=\"wtbx_vc_el_inner wtbx_vc_image_caption_inner\"><div class=\"wtbx_image_inner touchhover wtbx-element-reveal wtbx-reveal-cont\"><div class=\"wtbx_image_overlap wtbx-lightbox-item\" data-dynamic=\"1\" data-dynamicel=\"[{&quot;src&quot;:&quot;https:\\\/\\\/www.miracleseasons.sk\\\/wp-content\\\/uploads\\\/2020\\\/06\\\/wellness-DSC04313.jpg&quot;,&quot;thumb&quot;:&quot;https:\\\/\\\/www.miracleseasons.sk\\\/wp-content\\\/uploads\\\/2020\\\/06\\\/wellness-DSC04313-300x200.jpg&quot;}]\" data-counter=\"1\" data-thumbnail=\"1\" data-share-buttons=\"facebook,googleplus,linkedin,pinterest,twitter,vkontakte\" data-scroll=\"1\" data-poster=\"\" data-id=\"214527018\"><\/div><div class=\"wtbx_image_bg wtbx_with_lightbox\"><div class=\"wtbx-image-crop\" style=\"padding-bottom: 100%\"><img decoding=\"async\" class=\"wtbx-image wtbx-lazy lazyload\" data-bg=\"false\" data-imgratio=\"1:1\" data-aspectratio=\"0.75\" src=\"data:image\/gif;base64,R0lGODlhAQABAAAAACH5BAEKAAEALAAAAAABAAEAAAICTAEAOw==\" srcset=\"\" data-src=\"https:\/\/www.miracleseasons.sk\/wp-content\/uploads\/2024\/02\/jesen3-225x300.jpg\" data-path=\"https:\/\/www.miracleseasons.sk\/wp-content\/uploads\/2024\/02\/jesen3\" data-dims=\"[&quot;.jpg 768w&quot;,&quot;225x300.jpg 225w&quot;]\" data-sizes=\"auto\" data-parent-fit=\"cover\" alt=\"jesen3\" \/><\/div><\/div><div class=\"wtbx_image_caption_content\"><div class=\"wtbx_image_caption_title\"><\/div><div class=\"wtbx_image_caption_descr\"><\/div><\/div><\/div><\/div><\/div><\/figure><\/div>\n\n<div class=\"wtbx_vc_empty_space wtbx_vc_empty_space-214527767\">\n\t\t<span class=\"wtbx_empty_space_inner\"><\/span>\n<\/div>\n<\/div><\/div><\/div><\/div><\/div><div class=\"wtbx_vc_column vc_col-sm-4 wtbx_with_image wtbx_vc_column-214528196\"><div class=\"wtbx_vc_el_container wtbx_vc_column_container\"><div class=\"wtbx_vc_el_inner wtbx_vc_column_inner\"><div class=\"wtbx_column_wrapper clearfix\"><div class=\"wtbx_column_content\"><div class=\"wtbx_vc_image_caption wtbx_vc_image_caption-214528673 wtbx_style_1 wtbx_caption_appear wtbx_skin_light wtbx_scheme_default\"><figure class=\"wtbx_image_wrapper wtbx_preloader_cont wtbx_with_image\">\n<div class=\"wtbx-preloader-wrapper wtbx-preloader-el\">\n\t<div class=\"wtbx-preloader-container\">\n\n\t\t\n\t\t\t<div class=\"wtbx-preloader wtbx-preloader-1\"><\/div>\n\n\t\t\t<\/div>\n<\/div><div class=\"wtbx_vc_el_container wtbx_vc_image_caption_container\"><div class=\"wtbx_vc_el_inner wtbx_vc_image_caption_inner\"><div class=\"wtbx_image_inner touchhover wtbx-element-reveal wtbx-reveal-cont\"><div class=\"wtbx_image_overlap wtbx-lightbox-item\" data-dynamic=\"1\" data-dynamicel=\"[{&quot;src&quot;:&quot;https:\\\/\\\/www.miracleseasons.sk\\\/wp-content\\\/uploads\\\/2020\\\/06\\\/wellness-DSC04232.jpg&quot;,&quot;thumb&quot;:&quot;https:\\\/\\\/www.miracleseasons.sk\\\/wp-content\\\/uploads\\\/2020\\\/06\\\/wellness-DSC04232-300x200.jpg&quot;}]\" data-counter=\"1\" data-thumbnail=\"1\" data-share-buttons=\"facebook,googleplus,linkedin,pinterest,twitter,vkontakte\" data-scroll=\"1\" data-poster=\"\" data-id=\"214531005\"><\/div><div class=\"wtbx_image_bg wtbx_with_lightbox\"><div class=\"wtbx-image-crop\" style=\"padding-bottom: 100%\"><img decoding=\"async\" class=\"wtbx-image wtbx-lazy lazyload\" data-bg=\"false\" data-imgratio=\"1:1\" data-aspectratio=\"0.75\" src=\"data:image\/gif;base64,R0lGODlhAQABAAAAACH5BAEKAAEALAAAAAABAAEAAAICTAEAOw==\" srcset=\"\" data-src=\"https:\/\/www.miracleseasons.sk\/wp-content\/uploads\/2024\/02\/jesen1-225x300.jpg\" data-path=\"https:\/\/www.miracleseasons.sk\/wp-content\/uploads\/2024\/02\/jesen1\" data-dims=\"[&quot;.jpg 960w&quot;,&quot;225x300.jpg 225w&quot;,&quot;768x1024.jpg 768w&quot;]\" data-sizes=\"auto\" data-parent-fit=\"cover\" alt=\"Autumn holiday apartment balcony in Liptov, Slovakia \u2013 Miracle Seasons\" \/><\/div><\/div><div class=\"wtbx_image_caption_content\"><div class=\"wtbx_image_caption_title\"><\/div><div class=\"wtbx_image_caption_descr\"><\/div><\/div><\/div><\/div><\/div><\/figure><\/div>\n\n<div class=\"wtbx_vc_empty_space wtbx_vc_empty_space-214531681\">\n\t\t<span class=\"wtbx_empty_space_inner\"><\/span>\n<\/div>\n<\/div><\/div><\/div><\/div><\/div><\/div><\/div><\/div><\/div><\/div><\/div><\/div>\n","protected":false},"excerpt":{"rendered":"Jesenn\u00fd pobytov\u00fd bal\u00edk Miracle Seasons - Apartm\u00e1ny Dem\u00e4nov\u00e1 Jesenn\u00fd pobytov\u00fd bal\u00edkTerm\u00edn: od 02.09.do 30.11.2024 Cena: 90\u20ac\/noc Jesenn\u00e1 turistika na Liptove stoj\u00ed za to! Rezervujte si term\u00edn v Miracle Seasons v\u00a0 term\u00edne od 02.09.do 30.11.2024 a vyrazte za z\u00e1\u017eitkami po Liptove. Rezervujte online, alebo telefonicky na +421 949 138 382","protected":false},"author":1,"featured_media":0,"parent":902,"menu_order":0,"comment_status":"closed","ping_status":"closed","template":"","meta":{"_monsterinsights_skip_tracking":false,"_monsterinsights_sitenote_active":false,"_monsterinsights_sitenote_note":"","_monsterinsights_sitenote_category":0,"footnotes":""},"class_list":["post-923","page","type-page","status-publish","hentry"],"aioseo_notices":[],"_links":{"self":[{"href":"https:\/\/www.miracleseasons.sk\/en\/wp-json\/wp\/v2\/pages\/923","targetHints":{"allow":["GET"]}}],"collection":[{"href":"https:\/\/www.miracleseasons.sk\/en\/wp-json\/wp\/v2\/pages"}],"about":[{"href":"https:\/\/www.miracleseasons.sk\/en\/wp-json\/wp\/v2\/types\/page"}],"author":[{"embeddable":true,"href":"https:\/\/www.miracleseasons.sk\/en\/wp-json\/wp\/v2\/users\/1"}],"replies":[{"embeddable":true,"href":"https:\/\/www.miracleseasons.sk\/en\/wp-json\/wp\/v2\/comments?post=923"}],"version-history":[{"count":4,"href":"https:\/\/www.miracleseasons.sk\/en\/wp-json\/wp\/v2\/pages\/923\/revisions"}],"predecessor-version":[{"id":984,"href":"https:\/\/www.miracleseasons.sk\/en\/wp-json\/wp\/v2\/pages\/923\/revisions\/984"}],"up":[{"embeddable":true,"href":"https:\/\/www.miracleseasons.sk\/en\/wp-json\/wp\/v2\/pages\/902"}],"wp:attachment":[{"href":"https:\/\/www.miracleseasons.sk\/en\/wp-json\/wp\/v2\/media?parent=923"}],"curies":[{"name":"wp","href":"https:\/\/api.w.org\/{rel}","templated":true}]}}