{"id":951,"date":"2024-06-07T15:14:36","date_gmt":"2024-06-07T13:14:36","guid":{"rendered":"https:\/\/www.miracleseasons.sk\/?page_id=951"},"modified":"2024-06-07T21:43:08","modified_gmt":"2024-06-07T19:43:08","slug":"turisticky-pobyt-na-mieru","status":"publish","type":"page","link":"https:\/\/www.miracleseasons.sk\/en\/pobytove-baliky\/turisticky-pobyt-na-mieru\/","title":{"rendered":"Turistick\u00fd pobyt na mieru"},"content":{"rendered":"<div class=\"wtbx_vc_row wtbx_vc_row-115596919 wtbx_stretch_row_content wtbx_align_center wtbx-fadeout wtbx_anim_style_1 wtbx_row_fixed_height_screen wtbx_row-flex-align-stretch wtbx_row-content-align-middle wtbx_row-flex  wtbx_disable_height_mobile_landscape\" data-skin=\"light\"><div class=\"wtbx_vc_el_container wtbx_vc_row_container\"><div class=\"wtbx_vc_el_inner wtbx_vc_row_inner\"><div class=\"wtbx_row_wrapper\"><div class=\"wtbx_row_bg\"><div class=\"wtbx_row_bg_inner wtbx-element-reveal wtbx-reveal-cont\"><div class=\"wtbx_row_bg_media_wrapper wtbx-entry-media\"><div class=\"wtbx_row_bg_media\"><div class=\"wtbx-bg-image\"><div class=\"wtbx-bg-image-inner\"><div  class=\"wtbx_row_bg_image wtbx-image lazyload wtbx-lazy wtbx-lazyloaded\" data-bg=\"true\" style=\"background-image: url('https:\/\/www.miracleseasons.sk\/wp-content\/uploads\/2024\/02\/IMG_5129-300x225.jpg')\" data-sizes=\"auto\" data-path=\"https:\/\/www.miracleseasons.sk\/wp-content\/uploads\/2024\/02\/IMG_5129\" data-dims=\"[&quot;scaled.jpg 2560w 1920h&quot;,&quot;300x225.jpg 300w 225h&quot;,&quot;1024x768.jpg 1024w 768h&quot;,&quot;768x576.jpg 768w 576h&quot;,&quot;1536x1152.jpg 1536w 1152h&quot;,&quot;2048x1536.jpg 2048w 1536h&quot;,&quot;1440x1080.jpg 1440w 1080h&quot;,&quot;1920x1440.jpg 1920w 1440h&quot;]\" data-ratio=\"75\" aria-label=\"IMG_5129\"><\/div><\/div><\/div><\/div><\/div><div class=\"wtbx_row_bg_overlay\"><\/div><\/div><\/div><div class=\"wtbx_row_content clearfix\"><div class=\"wtbx_row_content_wrapper\"><div class=\"wtbx_row_content_inner clearfix\"><div class=\"wtbx_vc_column vc_col-sm-12 wtbx_with_image wtbx_vc_column-115612972\"><div class=\"wtbx_vc_el_container wtbx_vc_column_container\"><div class=\"wtbx_vc_el_inner wtbx_vc_column_inner\"><div class=\"wtbx_column_wrapper clearfix\"><div class=\"wtbx_column_content\"><div class=\"wtbx_vc_row wtbx_vc_inner_row wtbx_vc_inner_row-115613979 wtbx_stretch_row\"><div class=\"wtbx_vc_el_container wtbx_vc_inner_row_container\"><div class=\"wtbx_vc_el_inner wtbx_vc_inner_row_inner\"><div class=\"wtbx_inner_row_wrapper\"><div class=\"wtbx_inner_row_bg\"><div class=\"wtbx_inner_row_bg_inner wtbx-element-reveal wtbx-reveal-cont\"><div class=\"wtbx_inner_row_bg_media_wrapper wtbx-entry-media\"><div class=\"wtbx_inner_row_bg_media\"><\/div><\/div><\/div><\/div><div class=\"wtbx_inner_row_content clearfix\"><div class=\"wtbx_inner_row_content_wrapper\"><div class=\"wtbx_inner_row_content_inner clearfix\"><div class=\"wtbx_vc_inner_column vc_col-sm-12 wtbx_with_image wtbx_vc_inner_column-115614699\"><div class=\"wtbx_vc_el_container wtbx_vc_inner_column_container\"><div class=\"wtbx_vc_el_inner wtbx_vc_inner_column_inner\"><div class=\"wtbx_inner_column_bg\"><div class=\"wtbx_inner_column_bg_inner wtbx-element-reveal wtbx-reveal-cont\"><\/div><\/div><div class=\"wtbx_inner_column_wrapper clearfix\"><div class=\"wtbx_inner_column_content\"><div class=\"wtbx_vc_styled_heading wtbx_vc_styled_heading-115615358 wtbx_style_default wtbx_appearance_animation wtbx-anim-fade-in wtbx-duration-1000 wtbx_easing-natural\"><div class=\"wtbx_vc_el_container wtbx_vc_styled_heading_container clearfix\"><div class=\"wtbx_vc_el_inner wtbx_vc_styled_heading_inner\"><div class=\"wtbx_heading_el_title_wrapper h1\"><h1 class=\"wtbx_heading_el_title\">Turistick\u00fd pobyt na mieru - pobytov\u00fd bal\u00ed\u010dek<\/h1><\/div><\/div><\/div><\/div>\n\n<div class=\"wtbx_vc_empty_space wtbx_vc_empty_space-115615898\">\n\t\t<span class=\"wtbx_empty_space_inner\"><\/span>\n<\/div>\n<\/div><\/div><\/div><\/div><\/div><\/div><\/div><\/div><\/div><\/div><\/div><\/div><\/div><\/div><\/div><\/div><\/div><\/div><\/div><\/div><\/div><\/div><\/div><\/div><div class=\"wtbx_vc_row wtbx_vc_row-115616717 wtbx_stretch_row_content wtbx_anim_style_1\" data-skin=\"light\"><div class=\"wtbx_vc_el_container wtbx_vc_row_container\"><div class=\"wtbx_vc_el_inner wtbx_vc_row_inner\"><div class=\"wtbx_row_wrapper\"><div class=\"wtbx_row_content clearfix\"><div class=\"wtbx_row_content_wrapper\"><div class=\"wtbx_row_content_inner clearfix\"><div class=\"wtbx_vc_column vc_col-sm-12 wtbx_with_image wtbx_vc_column-115617781\"><div class=\"wtbx_vc_el_container wtbx_vc_column_container\"><div class=\"wtbx_vc_el_inner wtbx_vc_column_inner\"><div class=\"wtbx_column_wrapper clearfix\"><div class=\"wtbx_column_content\"><div class=\"wtbx_vc_section_divider wtbx_vc_section_divider-115618714\"><div class=\"wtbx-section-decoration wtbx-decoration-layered-1\"><svg xmlns=\"http:\/\/www.w3.org\/2000\/svg\" version=\"1.1\" width=\"100%\" height=\"100%\" viewBox=\"0 0 100 100\" preserveAspectRatio=\"none\"><path d=\"M4.4408921e-15,8.16369858 C2.13175456,3.16793204 4.70743815,0.670048765 7.72705078,0.670048765 C18.4671021,0.670048765 22.2784424,43.4806415 34.4662476,43.4806415 C47.1838379,43.4806415 47.9907032,25.7087262 58.7713972,25.7087262 C72.0083967,25.7087262 77.9150391,94.4423992 100,94.4423992 L100,100.670049 L0,100.670049 L4.4408921e-15,8.16369858 Z\" fill=\"rgba(255,255,255,1)\"><\/path><path d=\"M4.4408921e-15,8.16369858 C2.13175456,3.16793204 4.70743815,0.670048765 7.72705078,0.670048765 C18.4671021,0.670048765 22.2784424,43.4806415 34.4662476,43.4806415 C47.1838379,43.4806415 47.9907032,22.2514492 58.7713972,22.2514492 C72.0083967,22.2514492 77.9150391,87.7804472 100,87.7804472 L100,100.670049 L0,100.670049 L4.4408921e-15,8.16369858 Z\" fill=\"rgba(255,255,255,1)\"><\/path><path d=\"M4.4408921e-15,8.16369858 C2.13175456,3.16793204 4.70743815,0.670048765 7.72705078,0.670048765 C18.4671021,0.670048765 22.2784424,40.9095743 34.4662476,40.9095743 C47.1838379,40.9095743 47.9907032,18.4662671 58.7713972,18.4662671 C72.0083967,18.4662671 77.9150391,79.1277087 100,79.1277087 L100,100.670049 L0,100.670049 L4.4408921e-15,8.16369858 Z\" fill=\"rgba(255,255,255,1)\"><\/path><\/svg><\/div><\/div><\/div><\/div><\/div><\/div><\/div><\/div><\/div><\/div><\/div><\/div><\/div><\/div><div class=\"wtbx_vc_row wtbx_vc_row-115619358 wtbx_stretch_row wtbx_anim_style_1 wtbx_row-flex-align-stretch wtbx_row-content-align-middle wtbx_row-flex\" data-skin=\"light\"><div class=\"wtbx_vc_el_container wtbx_vc_row_container\"><div class=\"wtbx_vc_el_inner wtbx_vc_row_inner\"><div class=\"wtbx_row_wrapper\"><div class=\"wtbx_row_content clearfix\"><div class=\"wtbx_row_content_wrapper\"><div class=\"wtbx_row_content_inner clearfix\"><div class=\"wtbx_vc_column vc_col-sm-12 wtbx_with_image wtbx_vc_column-115620561 wtbx_center_align_tablet_portrait\"><div class=\"wtbx_vc_el_container wtbx_vc_column_container\"><div class=\"wtbx_vc_el_inner wtbx_vc_column_inner\"><div class=\"wtbx_column_wrapper clearfix\"><div class=\"wtbx_column_content\"><div class=\"wtbx_vc_text_element wtbx_vc_text_element-115621220 wtbx_display_block\"><div class=\"wtbx_vc_el_container wtbx_vc_text_element_container\"><div class=\"wtbx_text_element_content\"><div class=\"wtbx_text_element_inner\"><p>Miracle Seasons &#8211; Apartm\u00e1ny Dem\u00e4nov\u00e1<\/p>\n<\/div><\/div><\/div><\/div><div class=\"wtbx_vc_styled_heading wtbx_vc_styled_heading-115621756 wtbx_style_default\"><div class=\"wtbx_vc_el_container wtbx_vc_styled_heading_container clearfix\"><div class=\"wtbx_vc_el_inner wtbx_vc_styled_heading_inner\"><div class=\"wtbx_heading_el_title_wrapper h2\"><h2 class=\"wtbx_heading_el_title\">Turistick\u00fd pobyt na mieru - pobytov\u00fd bal\u00ed\u010dek<\/h2><\/div><\/div><\/div><\/div><div class=\"wtbx_vc_text_element wtbx_vc_text_element-115622141 wtbx_display_block\"><div class=\"wtbx_vc_el_container wtbx_vc_text_element_container\"><div class=\"wtbx_text_element_content\"><div class=\"wtbx_text_element_inner\"><p><strong>Akciov\u00e1 cena pobytu<\/strong>: 110\u20ac\/noc<\/p>\n<p>Organizujeme t\u00fary do h\u00f4r, term\u00e1lne k\u00fapalisk\u00e1, ukazujeme ve\u013ekos\u0165 a kr\u00e1su liptovskej pr\u00edrody, stret\u00e1vame sa s v\u00fdchodom a z\u00e1padom slnka v teplej spolo\u010dnosti, ve\u010dern\u00e9 posedenia pri grile. Vyhliadkov\u00e1 plavba na lodi po Liptovskej Mare. Ve\u010der m\u00f4\u017ee pokra\u010dova\u0165 na diskot\u00e9ke, doprava je mo\u017en\u00e1.<\/p>\n<p>V cene pobytu:<\/p>\n<ul>\n<li class=\"p1\">o ubytovanie v dvojl\u00f4\u017ekovej izbe alebo rodinnej izbe<\/li>\n<li class=\"p1\">\u00a0welcome drink<\/li>\n<li class=\"p1\">V cene ubytovania je zahrnut\u00e1 jedna hodina wellness centra v \u010dase od 16:00 do 20.00 hod.<\/li>\n<li class=\"p1\">Takmer ka\u017ed\u00e1 izba m\u00e1 obrovsk\u00fd balk\u00f3n s hojda\u010dkou a leh\u00e1tkom na na\u010derpanie energie zo slnka..<\/li>\n<li class=\"p1\">WiFi pripojenie<\/li>\n<li class=\"p1\">parkovanie<\/li>\n<li class=\"p1\">bezplatn\u00e9 zapo\u017ei\u010danie r\u00f4znych spolo\u010densk\u00fdch hier a \u0161portov\u00fdch pom\u00f4cok, paddleboard, bicykle<\/li>\n<li class=\"p1\">air hockey st\u00f4l<\/li>\n<li class=\"p1\">Mo\u017enos\u0165 ra\u0148ajok:<\/li>\n<li class=\"p1\">10 eur\/osoba\/bufet u na\u0161ich susedov, kde m\u00f4\u017eete prejs\u0165 v papu\u010dk\u00e1ch&#8230;.<\/li>\n<li class=\"p1\">10 eur\/osoba\/ ra\u0148ajkov\u00fd ko\u0161\u00edk pred dvere&#8230;..<\/li>\n<\/ul>\n<p>V exteri\u00e9ri apartm\u00e1nov sa nach\u00e1dzaj\u00fa terasy, v ktor\u00fdch si m\u00f4\u017eu na\u0161i hostia sami pripravi\u0165 grilovan\u00e9 \u0161peciality ( n\u00e1radie zabezpe\u010d\u00edme, vy si u\u017e len m\u00f4\u017eete u\u017e\u00edva\u0165 grilovanie so svojimi bl\u00edzkymi).<br \/>\nV cene pobytu nie je zahrnut\u00fd miestny poplatok (1,5\u20ac\/noc\/osoba).<\/p>\n<p><a href=\"https:\/\/bit.ly\/MiracleSeasons_reservation\"><strong>Rezervujte online<\/strong><\/a>, alebo telefonicky na <strong>+421 949 138 382<\/strong><\/p>\n<\/div><\/div><\/div><\/div><\/div><\/div><\/div><\/div><\/div><\/div><\/div><\/div><\/div><\/div><\/div><\/div><div class=\"wtbx_vc_row wtbx_vc_row-115622958 wtbx_stretch_row wtbx_anim_style_1\" data-skin=\"light\"><div class=\"wtbx_vc_el_container wtbx_vc_row_container\"><div class=\"wtbx_vc_el_inner wtbx_vc_row_inner\"><div class=\"wtbx_row_wrapper\"><div class=\"wtbx_row_content clearfix\"><div class=\"wtbx_row_content_wrapper\"><div class=\"wtbx_row_content_inner clearfix\"><div class=\"wtbx_vc_column vc_col-sm-4 wtbx_with_image wtbx_vc_column-115624081\"><div class=\"wtbx_vc_el_container wtbx_vc_column_container\"><div class=\"wtbx_vc_el_inner wtbx_vc_column_inner\"><div class=\"wtbx_column_wrapper clearfix\"><div class=\"wtbx_column_content\"><div class=\"wtbx_vc_image_caption wtbx_vc_image_caption-115625593 wtbx_style_1 wtbx_caption_appear wtbx_skin_light wtbx_scheme_default\"><figure class=\"wtbx_image_wrapper wtbx_preloader_cont wtbx_with_image\">\n<div class=\"wtbx-preloader-wrapper wtbx-preloader-el\">\n\t<div class=\"wtbx-preloader-container\">\n\n\t\t\n\t\t\t<div class=\"wtbx-preloader wtbx-preloader-1\"><\/div>\n\n\t\t\t<\/div>\n<\/div><div class=\"wtbx_vc_el_container wtbx_vc_image_caption_container\"><div class=\"wtbx_vc_el_inner wtbx_vc_image_caption_inner\"><div class=\"wtbx_image_inner touchhover wtbx-element-reveal wtbx-reveal-cont\"><div class=\"wtbx_image_overlap\"><\/div><div class=\"wtbx_image_bg wtbx_with_lightbox\"><div class=\"wtbx-image-crop\" style=\"padding-bottom: 100%\"><img decoding=\"async\" class=\"wtbx-image wtbx-lazy lazyload\" data-bg=\"false\" data-imgratio=\"1:1\" data-aspectratio=\"0.6084\" src=\"data:image\/gif;base64,R0lGODlhAQABAAAAACH5BAEKAAEALAAAAAABAAEAAAICTAEAOw==\" srcset=\"\" data-src=\"https:\/\/www.miracleseasons.sk\/wp-content\/uploads\/2024\/02\/f3-183x300.jpg\" data-path=\"https:\/\/www.miracleseasons.sk\/wp-content\/uploads\/2024\/02\/f3\" data-dims=\"[&quot;.jpg 623w&quot;,&quot;183x300.jpg 183w&quot;]\" data-sizes=\"auto\" data-parent-fit=\"cover\" alt=\"f3\" \/><\/div><\/div><div class=\"wtbx_image_caption_content\"><div class=\"wtbx_image_caption_title\"><\/div><div class=\"wtbx_image_caption_descr\"><\/div><\/div><\/div><\/div><\/div><\/figure><\/div>\n\n<div class=\"wtbx_vc_empty_space wtbx_vc_empty_space-115627883\">\n\t\t<span class=\"wtbx_empty_space_inner\"><\/span>\n<\/div>\n<\/div><\/div><\/div><\/div><\/div><div class=\"wtbx_vc_column vc_col-sm-4 wtbx_with_image wtbx_vc_column-115628267\"><div class=\"wtbx_vc_el_container wtbx_vc_column_container\"><div class=\"wtbx_vc_el_inner wtbx_vc_column_inner\"><div class=\"wtbx_column_wrapper clearfix\"><div class=\"wtbx_column_content\"><div class=\"wtbx_vc_image_caption wtbx_vc_image_caption-115628730 wtbx_style_1 wtbx_caption_appear wtbx_skin_light wtbx_scheme_default\"><figure class=\"wtbx_image_wrapper wtbx_preloader_cont wtbx_with_image\">\n<div class=\"wtbx-preloader-wrapper wtbx-preloader-el\">\n\t<div class=\"wtbx-preloader-container\">\n\n\t\t\n\t\t\t<div class=\"wtbx-preloader wtbx-preloader-1\"><\/div>\n\n\t\t\t<\/div>\n<\/div><div class=\"wtbx_vc_el_container wtbx_vc_image_caption_container\"><div class=\"wtbx_vc_el_inner wtbx_vc_image_caption_inner\"><div class=\"wtbx_image_inner touchhover wtbx-element-reveal wtbx-reveal-cont\"><div class=\"wtbx_image_overlap\"><\/div><div class=\"wtbx_image_bg wtbx_with_lightbox\"><div class=\"wtbx-image-crop\" style=\"padding-bottom: 100%\"><img decoding=\"async\" class=\"wtbx-image wtbx-lazy lazyload\" data-bg=\"false\" data-imgratio=\"1:1\" data-aspectratio=\"1.3333\" src=\"data:image\/gif;base64,R0lGODlhAQABAAAAACH5BAEKAAEALAAAAAABAAEAAAICTAEAOw==\" srcset=\"\" data-src=\"https:\/\/www.miracleseasons.sk\/wp-content\/uploads\/2024\/02\/val4-300x225.jpg\" data-path=\"https:\/\/www.miracleseasons.sk\/wp-content\/uploads\/2024\/02\/val4\" data-dims=\"[&quot;.jpg 1280w&quot;,&quot;300x225.jpg 300w&quot;,&quot;1024x768.jpg 1024w&quot;,&quot;768x576.jpg 768w&quot;]\" data-sizes=\"auto\" data-parent-fit=\"cover\" alt=\"val4\" \/><\/div><\/div><div class=\"wtbx_image_caption_content\"><div class=\"wtbx_image_caption_title\"><\/div><div class=\"wtbx_image_caption_descr\"><\/div><\/div><\/div><\/div><\/div><\/figure><\/div>\n\n<div class=\"wtbx_vc_empty_space wtbx_vc_empty_space-115630777\">\n\t\t<span class=\"wtbx_empty_space_inner\"><\/span>\n<\/div>\n<\/div><\/div><\/div><\/div><\/div><div class=\"wtbx_vc_column vc_col-sm-4 wtbx_with_image wtbx_vc_column-115631167\"><div class=\"wtbx_vc_el_container wtbx_vc_column_container\"><div class=\"wtbx_vc_el_inner wtbx_vc_column_inner\"><div class=\"wtbx_column_wrapper clearfix\"><div class=\"wtbx_column_content\"><div class=\"wtbx_vc_image_caption wtbx_vc_image_caption-115631652 wtbx_style_1 wtbx_caption_appear wtbx_skin_light wtbx_scheme_default\"><figure class=\"wtbx_image_wrapper wtbx_preloader_cont wtbx_with_image\">\n<div class=\"wtbx-preloader-wrapper wtbx-preloader-el\">\n\t<div class=\"wtbx-preloader-container\">\n\n\t\t\n\t\t\t<div class=\"wtbx-preloader wtbx-preloader-1\"><\/div>\n\n\t\t\t<\/div>\n<\/div><div class=\"wtbx_vc_el_container wtbx_vc_image_caption_container\"><div class=\"wtbx_vc_el_inner wtbx_vc_image_caption_inner\"><div class=\"wtbx_image_inner touchhover wtbx-element-reveal wtbx-reveal-cont\"><div class=\"wtbx_image_overlap\"><\/div><div class=\"wtbx_image_bg wtbx_with_lightbox\"><div class=\"wtbx-image-crop\" style=\"padding-bottom: 100%\"><img decoding=\"async\" class=\"wtbx-image wtbx-lazy lazyload\" data-bg=\"false\" data-imgratio=\"1:1\" data-aspectratio=\"1.3333\" src=\"data:image\/gif;base64,R0lGODlhAQABAAAAACH5BAEKAAEALAAAAAABAAEAAAICTAEAOw==\" srcset=\"\" data-src=\"https:\/\/www.miracleseasons.sk\/wp-content\/uploads\/2024\/02\/IMG_0821-300x225.jpg\" data-path=\"https:\/\/www.miracleseasons.sk\/wp-content\/uploads\/2024\/02\/IMG_0821\" data-dims=\"[&quot;scaled.jpg 2560w&quot;,&quot;300x225.jpg 300w&quot;,&quot;1024x768.jpg 1024w&quot;,&quot;768x576.jpg 768w&quot;,&quot;1536x1152.jpg 1536w&quot;,&quot;2048x1536.jpg 2048w&quot;,&quot;1440x1080.jpg 1440w&quot;,&quot;1920x1440.jpg 1920w&quot;]\" data-sizes=\"auto\" data-parent-fit=\"cover\" alt=\"IMG_0821\" \/><\/div><\/div><div class=\"wtbx_image_caption_content\"><div class=\"wtbx_image_caption_title\"><\/div><div class=\"wtbx_image_caption_descr\"><\/div><\/div><\/div><\/div><\/div><\/figure><\/div>\n\n<div class=\"wtbx_vc_empty_space wtbx_vc_empty_space-115633906\">\n\t\t<span class=\"wtbx_empty_space_inner\"><\/span>\n<\/div>\n<\/div><\/div><\/div><\/div><\/div><\/div><\/div><\/div><\/div><\/div><\/div><\/div>\n","protected":false},"excerpt":{"rendered":"Turistick\u00fd pobyt na mieru - pobytov\u00fd bal\u00ed\u010dek Miracle Seasons - Apartm\u00e1ny Dem\u00e4nov\u00e1 Turistick\u00fd pobyt na mieru - pobytov\u00fd bal\u00ed\u010dekAkciov\u00e1 cena pobytu: 110\u20ac\/noc Organizujeme t\u00fary do h\u00f4r, term\u00e1lne k\u00fapalisk\u00e1, ukazujeme ve\u013ekos\u0165 a kr\u00e1su liptovskej pr\u00edrody, stret\u00e1vame sa s v\u00fdchodom a z\u00e1padom slnka v teplej spolo\u010dnosti, ve\u010dern\u00e9 posedenia pri grile. Vyhliadkov\u00e1 plavba na lodi po Liptovskej Mare. Ve\u010der m\u00f4\u017ee pokra\u010dova\u0165 na diskot\u00e9ke, doprava je mo\u017en\u00e1. V cene pobytu: o ubytovanie v dvojl\u00f4\u017ekovej izbe alebo rodinnej izbe \u00a0welcome [...]","protected":false},"author":1,"featured_media":0,"parent":902,"menu_order":0,"comment_status":"closed","ping_status":"closed","template":"","meta":{"_monsterinsights_skip_tracking":false,"_monsterinsights_sitenote_active":false,"_monsterinsights_sitenote_note":"","_monsterinsights_sitenote_category":0,"footnotes":""},"class_list":["post-951","page","type-page","status-publish","hentry"],"aioseo_notices":[],"_links":{"self":[{"href":"https:\/\/www.miracleseasons.sk\/en\/wp-json\/wp\/v2\/pages\/951","targetHints":{"allow":["GET"]}}],"collection":[{"href":"https:\/\/www.miracleseasons.sk\/en\/wp-json\/wp\/v2\/pages"}],"about":[{"href":"https:\/\/www.miracleseasons.sk\/en\/wp-json\/wp\/v2\/types\/page"}],"author":[{"embeddable":true,"href":"https:\/\/www.miracleseasons.sk\/en\/wp-json\/wp\/v2\/users\/1"}],"replies":[{"embeddable":true,"href":"https:\/\/www.miracleseasons.sk\/en\/wp-json\/wp\/v2\/comments?post=951"}],"version-history":[{"count":8,"href":"https:\/\/www.miracleseasons.sk\/en\/wp-json\/wp\/v2\/pages\/951\/revisions"}],"predecessor-version":[{"id":987,"href":"https:\/\/www.miracleseasons.sk\/en\/wp-json\/wp\/v2\/pages\/951\/revisions\/987"}],"up":[{"embeddable":true,"href":"https:\/\/www.miracleseasons.sk\/en\/wp-json\/wp\/v2\/pages\/902"}],"wp:attachment":[{"href":"https:\/\/www.miracleseasons.sk\/en\/wp-json\/wp\/v2\/media?parent=951"}],"curies":[{"name":"wp","href":"https:\/\/api.w.org\/{rel}","templated":true}]}}