{"id":973,"date":"2024-06-07T20:04:02","date_gmt":"2024-06-07T18:04:02","guid":{"rendered":"https:\/\/www.miracleseasons.sk\/?page_id=973"},"modified":"2024-06-07T21:42:02","modified_gmt":"2024-06-07T19:42:02","slug":"3-noci-ranajky-zadarmo-balicek","status":"publish","type":"page","link":"https:\/\/www.miracleseasons.sk\/en\/pobytove-baliky\/3-noci-ranajky-zadarmo-balicek\/","title":{"rendered":"3 noci \u2013 ra\u0148ajky zadarmo bal\u00ed\u010dek"},"content":{"rendered":"<div class=\"wtbx_vc_row wtbx_vc_row-158247106 wtbx_stretch_row_content wtbx_align_center wtbx-fadeout wtbx_anim_style_1 wtbx_row_fixed_height_screen wtbx_row-flex-align-stretch wtbx_row-content-align-middle wtbx_row-flex  wtbx_disable_height_mobile_landscape\" data-skin=\"light\"><div class=\"wtbx_vc_el_container wtbx_vc_row_container\"><div class=\"wtbx_vc_el_inner wtbx_vc_row_inner\"><div class=\"wtbx_row_wrapper\"><div class=\"wtbx_row_bg\"><div class=\"wtbx_row_bg_inner wtbx-element-reveal wtbx-reveal-cont\"><div class=\"wtbx_row_bg_media_wrapper wtbx-entry-media\"><div class=\"wtbx_row_bg_media\"><div class=\"wtbx-bg-image\"><div class=\"wtbx-bg-image-inner\"><div  class=\"wtbx_row_bg_image wtbx-image lazyload wtbx-lazy wtbx-lazyloaded\" data-bg=\"true\" style=\"background-image: url('https:\/\/www.miracleseasons.sk\/wp-content\/uploads\/2024\/02\/Kopia-suboru-IMG-21-of-81-300x200.jpg')\" data-sizes=\"auto\" data-path=\"https:\/\/www.miracleseasons.sk\/wp-content\/uploads\/2024\/02\/Kopia-suboru-IMG-21-of-81\" data-dims=\"[&quot;.jpg 2048w 1365h&quot;,&quot;300x200.jpg 300w 200h&quot;,&quot;1024x683.jpg 1024w 682h&quot;,&quot;768x512.jpg 768w 512h&quot;,&quot;1536x1024.jpg 1536w 1024h&quot;,&quot;1440x960.jpg 1440w 960h&quot;,&quot;1920x1280.jpg 1920w 1280h&quot;]\" data-ratio=\"66.65\" aria-label=\"Ko\u0301pia su\u0301boru IMG (21 of 81)\"><\/div><\/div><\/div><\/div><\/div><div class=\"wtbx_row_bg_overlay\"><\/div><\/div><\/div><div class=\"wtbx_row_content clearfix\"><div class=\"wtbx_row_content_wrapper\"><div class=\"wtbx_row_content_inner clearfix\"><div class=\"wtbx_vc_column vc_col-sm-12 wtbx_with_image wtbx_vc_column-158263702\"><div class=\"wtbx_vc_el_container wtbx_vc_column_container\"><div class=\"wtbx_vc_el_inner wtbx_vc_column_inner\"><div class=\"wtbx_column_wrapper clearfix\"><div class=\"wtbx_column_content\"><div class=\"wtbx_vc_row wtbx_vc_inner_row wtbx_vc_inner_row-158264791 wtbx_stretch_row\"><div class=\"wtbx_vc_el_container wtbx_vc_inner_row_container\"><div class=\"wtbx_vc_el_inner wtbx_vc_inner_row_inner\"><div class=\"wtbx_inner_row_wrapper\"><div class=\"wtbx_inner_row_bg\"><div class=\"wtbx_inner_row_bg_inner wtbx-element-reveal wtbx-reveal-cont\"><div class=\"wtbx_inner_row_bg_media_wrapper wtbx-entry-media\"><div class=\"wtbx_inner_row_bg_media\"><\/div><\/div><\/div><\/div><div class=\"wtbx_inner_row_content clearfix\"><div class=\"wtbx_inner_row_content_wrapper\"><div class=\"wtbx_inner_row_content_inner clearfix\"><div class=\"wtbx_vc_inner_column vc_col-sm-12 wtbx_with_image wtbx_vc_inner_column-158265704\"><div class=\"wtbx_vc_el_container wtbx_vc_inner_column_container\"><div class=\"wtbx_vc_el_inner wtbx_vc_inner_column_inner\"><div class=\"wtbx_inner_column_bg\"><div class=\"wtbx_inner_column_bg_inner wtbx-element-reveal wtbx-reveal-cont\"><\/div><\/div><div class=\"wtbx_inner_column_wrapper clearfix\"><div class=\"wtbx_inner_column_content\"><div class=\"wtbx_vc_styled_heading wtbx_vc_styled_heading-158266432 wtbx_style_default wtbx_appearance_animation wtbx-anim-fade-in wtbx-duration-1000 wtbx_easing-natural\"><div class=\"wtbx_vc_el_container wtbx_vc_styled_heading_container clearfix\"><div class=\"wtbx_vc_el_inner wtbx_vc_styled_heading_inner\"><div class=\"wtbx_heading_el_title_wrapper h1\"><h1 class=\"wtbx_heading_el_title\">3 noci \u2013 ra\u0148ajky zadarmo bal\u00ed\u010dek<\/h1><\/div><\/div><\/div><\/div>\n\n<div class=\"wtbx_vc_empty_space wtbx_vc_empty_space-158266971\">\n\t\t<span class=\"wtbx_empty_space_inner\"><\/span>\n<\/div>\n<\/div><\/div><\/div><\/div><\/div><\/div><\/div><\/div><\/div><\/div><\/div><\/div><\/div><\/div><\/div><\/div><\/div><\/div><\/div><\/div><\/div><\/div><\/div><\/div><div class=\"wtbx_vc_row wtbx_vc_row-158267824 wtbx_stretch_row_content wtbx_anim_style_1\" data-skin=\"light\"><div class=\"wtbx_vc_el_container wtbx_vc_row_container\"><div class=\"wtbx_vc_el_inner wtbx_vc_row_inner\"><div class=\"wtbx_row_wrapper\"><div class=\"wtbx_row_content clearfix\"><div class=\"wtbx_row_content_wrapper\"><div class=\"wtbx_row_content_inner clearfix\"><div class=\"wtbx_vc_column vc_col-sm-12 wtbx_with_image wtbx_vc_column-158268963\"><div class=\"wtbx_vc_el_container wtbx_vc_column_container\"><div class=\"wtbx_vc_el_inner wtbx_vc_column_inner\"><div class=\"wtbx_column_wrapper clearfix\"><div class=\"wtbx_column_content\"><div class=\"wtbx_vc_section_divider wtbx_vc_section_divider-158269921\"><div class=\"wtbx-section-decoration wtbx-decoration-layered-1\"><svg xmlns=\"http:\/\/www.w3.org\/2000\/svg\" version=\"1.1\" width=\"100%\" height=\"100%\" viewBox=\"0 0 100 100\" preserveAspectRatio=\"none\"><path d=\"M4.4408921e-15,8.16369858 C2.13175456,3.16793204 4.70743815,0.670048765 7.72705078,0.670048765 C18.4671021,0.670048765 22.2784424,43.4806415 34.4662476,43.4806415 C47.1838379,43.4806415 47.9907032,25.7087262 58.7713972,25.7087262 C72.0083967,25.7087262 77.9150391,94.4423992 100,94.4423992 L100,100.670049 L0,100.670049 L4.4408921e-15,8.16369858 Z\" fill=\"rgba(255,255,255,1)\"><\/path><path d=\"M4.4408921e-15,8.16369858 C2.13175456,3.16793204 4.70743815,0.670048765 7.72705078,0.670048765 C18.4671021,0.670048765 22.2784424,43.4806415 34.4662476,43.4806415 C47.1838379,43.4806415 47.9907032,22.2514492 58.7713972,22.2514492 C72.0083967,22.2514492 77.9150391,87.7804472 100,87.7804472 L100,100.670049 L0,100.670049 L4.4408921e-15,8.16369858 Z\" fill=\"rgba(255,255,255,1)\"><\/path><path d=\"M4.4408921e-15,8.16369858 C2.13175456,3.16793204 4.70743815,0.670048765 7.72705078,0.670048765 C18.4671021,0.670048765 22.2784424,40.9095743 34.4662476,40.9095743 C47.1838379,40.9095743 47.9907032,18.4662671 58.7713972,18.4662671 C72.0083967,18.4662671 77.9150391,79.1277087 100,79.1277087 L100,100.670049 L0,100.670049 L4.4408921e-15,8.16369858 Z\" fill=\"rgba(255,255,255,1)\"><\/path><\/svg><\/div><\/div><\/div><\/div><\/div><\/div><\/div><\/div><\/div><\/div><\/div><\/div><\/div><\/div><div class=\"wtbx_vc_row wtbx_vc_row-158270568 wtbx_stretch_row wtbx_anim_style_1 wtbx_row-flex-align-stretch wtbx_row-content-align-middle wtbx_row-flex\" data-skin=\"light\"><div class=\"wtbx_vc_el_container wtbx_vc_row_container\"><div class=\"wtbx_vc_el_inner wtbx_vc_row_inner\"><div class=\"wtbx_row_wrapper\"><div class=\"wtbx_row_content clearfix\"><div class=\"wtbx_row_content_wrapper\"><div class=\"wtbx_row_content_inner clearfix\"><div class=\"wtbx_vc_column vc_col-sm-12 wtbx_with_image wtbx_vc_column-158271772 wtbx_center_align_tablet_portrait\"><div class=\"wtbx_vc_el_container wtbx_vc_column_container\"><div class=\"wtbx_vc_el_inner wtbx_vc_column_inner\"><div class=\"wtbx_column_wrapper clearfix\"><div class=\"wtbx_column_content\"><div class=\"wtbx_vc_text_element wtbx_vc_text_element-158272448 wtbx_display_block\"><div class=\"wtbx_vc_el_container wtbx_vc_text_element_container\"><div class=\"wtbx_text_element_content\"><div class=\"wtbx_text_element_inner\"><p>Miracle Seasons &#8211; Apartm\u00e1ny Dem\u00e4nov\u00e1<\/p>\n<\/div><\/div><\/div><\/div><div class=\"wtbx_vc_styled_heading wtbx_vc_styled_heading-158272995 wtbx_style_default\"><div class=\"wtbx_vc_el_container wtbx_vc_styled_heading_container clearfix\"><div class=\"wtbx_vc_el_inner wtbx_vc_styled_heading_inner\"><div class=\"wtbx_heading_el_title_wrapper h2\"><h2 class=\"wtbx_heading_el_title\">3 noci \u2013 ra\u0148ajky zadarmo bal\u00ed\u010dek<\/h2><\/div><\/div><\/div><\/div><div class=\"wtbx_vc_text_element wtbx_vc_text_element-158273407 wtbx_display_block\"><div class=\"wtbx_vc_el_container wtbx_vc_text_element_container\"><div class=\"wtbx_text_element_content\"><div class=\"wtbx_text_element_inner\"><p><strong>Cena<\/strong>: 95\u20ac\/noc<\/p>\n<p>Rezervujte pobyt na 3 noci a ra\u0148ajky m\u00e1te <strong>ZADARMO<\/strong>!<br \/>\nU\u017eite si nezabudnute\u013en\u00fd pobyt pln\u00fd oddychu a relaxu v kr\u00e1snom prostred\u00ed v srdci Liptova.<\/p>\n<p>V cene pobytu<\/p>\n<ul>\n<li>ubytovanie v dvojl\u00f4\u017ekovej izbe alebo rodinnej izbe<\/li>\n<li>Ra\u0148ajky: na v\u00fdber z 2 mo\u017enost\u00ed\n<ul>\n<li>10 eur\/osoba\/bufet u na\u0161ich susedov, kde m\u00f4\u017eete prejs\u0165 v papu\u010dk\u00e1ch&#8230;<\/li>\n<li><span style=\"letter-spacing: -0.03px;\">10 eur\/osoba\/ ra\u0148ajkov\u00fd ko\u0161\u00edk pred dvere&#8230;..<\/span><\/li>\n<\/ul>\n<\/li>\n<li><span style=\"letter-spacing: -0.03px;\">welcome drink<\/span><\/li>\n<li><span style=\"letter-spacing: -0.03px;\">uter\u00e1ky na izbe<\/span><\/li>\n<li><span style=\"letter-spacing: -0.03px;\">WiFi pripojenie<\/span><\/li>\n<li><span style=\"letter-spacing: -0.03px;\">parkovanie<\/span><\/li>\n<\/ul>\n<p>Na recepcii V\u00e1m bezplatne zapo\u017ei\u010diame r\u00f4zne spolo\u010densk\u00e9 hry a \u0161portov\u00e9 pom\u00f4cky, k dispoz\u00edcii V\u00e1m je aj air hockey st\u00f4l.<br \/>\nV exteri\u00e9ri apartm\u00e1nov sa nach\u00e1dzaj\u00fa terasy, v ktor\u00fdch si m\u00f4\u017eu na\u0161i hostia sami pripravi\u0165 grilovan\u00e9 \u0161peciality ( n\u00e1radie zabezpe\u010d\u00edme, vy si u\u017e len m\u00f4\u017eete u\u017e\u00edva\u0165 grilovanie so svojimi bl\u00edzkymi).<\/p>\n<p>V cene pobytu nie je zahrnut\u00fd miestny poplatok (1,5\u20ac\/noc\/osoba).<\/p>\n<p><a href=\"https:\/\/bit.ly\/MiracleSeasons_reservation\"><strong>Rezervujte online<\/strong><\/a>, alebo telefonicky na <strong>+421 949 138 382<\/strong><\/p>\n<\/div><\/div><\/div><\/div><\/div><\/div><\/div><\/div><\/div><\/div><\/div><\/div><\/div><\/div><\/div><\/div><div class=\"wtbx_vc_row wtbx_vc_row-158274249 wtbx_stretch_row wtbx_anim_style_1\" data-skin=\"light\"><div class=\"wtbx_vc_el_container wtbx_vc_row_container\"><div class=\"wtbx_vc_el_inner wtbx_vc_row_inner\"><div class=\"wtbx_row_wrapper\"><div class=\"wtbx_row_content clearfix\"><div class=\"wtbx_row_content_wrapper\"><div class=\"wtbx_row_content_inner clearfix\"><div class=\"wtbx_vc_column vc_col-sm-4 wtbx_with_image wtbx_vc_column-158275381\"><div class=\"wtbx_vc_el_container wtbx_vc_column_container\"><div class=\"wtbx_vc_el_inner wtbx_vc_column_inner\"><div class=\"wtbx_column_wrapper clearfix\"><div class=\"wtbx_column_content\"><div class=\"wtbx_vc_image_caption wtbx_vc_image_caption-158276843 wtbx_style_1 wtbx_caption_appear wtbx_skin_light wtbx_scheme_default\"><figure class=\"wtbx_image_wrapper wtbx_preloader_cont wtbx_with_image\">\n<div class=\"wtbx-preloader-wrapper wtbx-preloader-el\">\n\t<div class=\"wtbx-preloader-container\">\n\n\t\t\n\t\t\t<div class=\"wtbx-preloader wtbx-preloader-1\"><\/div>\n\n\t\t\t<\/div>\n<\/div><div class=\"wtbx_vc_el_container wtbx_vc_image_caption_container\"><div class=\"wtbx_vc_el_inner wtbx_vc_image_caption_inner\"><div class=\"wtbx_image_inner touchhover wtbx-element-reveal wtbx-reveal-cont\"><div class=\"wtbx_image_overlap\"><\/div><div class=\"wtbx_image_bg wtbx_with_lightbox\"><div class=\"wtbx-image-crop\" style=\"padding-bottom: 100%\"><img decoding=\"async\" class=\"wtbx-image wtbx-lazy lazyload\" data-bg=\"false\" data-imgratio=\"1:1\" data-aspectratio=\"0.6084\" src=\"data:image\/gif;base64,R0lGODlhAQABAAAAACH5BAEKAAEALAAAAAABAAEAAAICTAEAOw==\" srcset=\"\" data-src=\"https:\/\/www.miracleseasons.sk\/wp-content\/uploads\/2024\/02\/f3-183x300.jpg\" data-path=\"https:\/\/www.miracleseasons.sk\/wp-content\/uploads\/2024\/02\/f3\" data-dims=\"[&quot;.jpg 623w&quot;,&quot;183x300.jpg 183w&quot;]\" data-sizes=\"auto\" data-parent-fit=\"cover\" alt=\"f3\" \/><\/div><\/div><div class=\"wtbx_image_caption_content\"><div class=\"wtbx_image_caption_title\"><\/div><div class=\"wtbx_image_caption_descr\"><\/div><\/div><\/div><\/div><\/div><\/figure><\/div>\n\n<div class=\"wtbx_vc_empty_space wtbx_vc_empty_space-158278960\">\n\t\t<span class=\"wtbx_empty_space_inner\"><\/span>\n<\/div>\n<\/div><\/div><\/div><\/div><\/div><div class=\"wtbx_vc_column vc_col-sm-4 wtbx_with_image wtbx_vc_column-158279345\"><div class=\"wtbx_vc_el_container wtbx_vc_column_container\"><div class=\"wtbx_vc_el_inner wtbx_vc_column_inner\"><div class=\"wtbx_column_wrapper clearfix\"><div class=\"wtbx_column_content\"><div class=\"wtbx_vc_image_caption wtbx_vc_image_caption-158279805 wtbx_style_1 wtbx_caption_appear wtbx_skin_light wtbx_scheme_default\"><figure class=\"wtbx_image_wrapper wtbx_preloader_cont wtbx_with_image\">\n<div class=\"wtbx-preloader-wrapper wtbx-preloader-el\">\n\t<div class=\"wtbx-preloader-container\">\n\n\t\t\n\t\t\t<div class=\"wtbx-preloader wtbx-preloader-1\"><\/div>\n\n\t\t\t<\/div>\n<\/div><div class=\"wtbx_vc_el_container wtbx_vc_image_caption_container\"><div class=\"wtbx_vc_el_inner wtbx_vc_image_caption_inner\"><div class=\"wtbx_image_inner touchhover wtbx-element-reveal wtbx-reveal-cont\"><div class=\"wtbx_image_overlap\"><\/div><div class=\"wtbx_image_bg wtbx_with_lightbox\"><div class=\"wtbx-image-crop\" style=\"padding-bottom: 100%\"><img decoding=\"async\" class=\"wtbx-image wtbx-lazy lazyload\" data-bg=\"false\" data-imgratio=\"1:1\" data-aspectratio=\"0.75\" src=\"data:image\/gif;base64,R0lGODlhAQABAAAAACH5BAEKAAEALAAAAAABAAEAAAICTAEAOw==\" srcset=\"\" data-src=\"https:\/\/www.miracleseasons.sk\/wp-content\/uploads\/2024\/02\/f2-225x300.jpg\" data-path=\"https:\/\/www.miracleseasons.sk\/wp-content\/uploads\/2024\/02\/f2\" data-dims=\"[&quot;.jpg 768w&quot;,&quot;225x300.jpg 225w&quot;]\" data-sizes=\"auto\" data-parent-fit=\"cover\" alt=\"f2\" \/><\/div><\/div><div class=\"wtbx_image_caption_content\"><div class=\"wtbx_image_caption_title\"><\/div><div class=\"wtbx_image_caption_descr\"><\/div><\/div><\/div><\/div><\/div><\/figure><\/div>\n\n<div class=\"wtbx_vc_empty_space wtbx_vc_empty_space-158282912\">\n\t\t<span class=\"wtbx_empty_space_inner\"><\/span>\n<\/div>\n<\/div><\/div><\/div><\/div><\/div><div class=\"wtbx_vc_column vc_col-sm-4 wtbx_with_image wtbx_vc_column-158283334\"><div class=\"wtbx_vc_el_container wtbx_vc_column_container\"><div class=\"wtbx_vc_el_inner wtbx_vc_column_inner\"><div class=\"wtbx_column_wrapper clearfix\"><div class=\"wtbx_column_content\"><div class=\"wtbx_vc_image_caption wtbx_vc_image_caption-158283842 wtbx_style_1 wtbx_caption_appear wtbx_skin_light wtbx_scheme_default\"><figure class=\"wtbx_image_wrapper wtbx_preloader_cont wtbx_with_image\">\n<div class=\"wtbx-preloader-wrapper wtbx-preloader-el\">\n\t<div class=\"wtbx-preloader-container\">\n\n\t\t\n\t\t\t<div class=\"wtbx-preloader wtbx-preloader-1\"><\/div>\n\n\t\t\t<\/div>\n<\/div><div class=\"wtbx_vc_el_container wtbx_vc_image_caption_container\"><div class=\"wtbx_vc_el_inner wtbx_vc_image_caption_inner\"><div class=\"wtbx_image_inner touchhover wtbx-element-reveal wtbx-reveal-cont\"><div class=\"wtbx_image_overlap\"><\/div><div class=\"wtbx_image_bg wtbx_with_lightbox\"><div class=\"wtbx-image-crop\" style=\"padding-bottom: 100%\"><img decoding=\"async\" class=\"wtbx-image wtbx-lazy lazyload\" data-bg=\"false\" data-imgratio=\"1:1\" data-aspectratio=\"1.5897\" src=\"data:image\/gif;base64,R0lGODlhAQABAAAAACH5BAEKAAEALAAAAAABAAEAAAICTAEAOw==\" srcset=\"\" data-src=\"https:\/\/www.miracleseasons.sk\/wp-content\/uploads\/2024\/06\/att.Z_Q23y1yCXb3AA9WkA0Nvc0UDVB5SkU6VfPGNJex-2k-1-300x189.jpg\" data-path=\"https:\/\/www.miracleseasons.sk\/wp-content\/uploads\/2024\/06\/att.Z_Q23y1yCXb3AA9WkA0Nvc0UDVB5SkU6VfPGNJex-2k-1\" data-dims=\"[&quot;.jpg 496w&quot;,&quot;300x189.jpg 300w&quot;]\" data-sizes=\"auto\" data-parent-fit=\"cover\" alt=\"att.Z_Q23y1yCXb3AA9WkA0Nvc0UDVB5SkU6VfPGNJex-2k (1)\" \/><\/div><\/div><div class=\"wtbx_image_caption_content\"><div class=\"wtbx_image_caption_title\"><\/div><div class=\"wtbx_image_caption_descr\"><\/div><\/div><\/div><\/div><\/div><\/figure><\/div>\n\n<div class=\"wtbx_vc_empty_space wtbx_vc_empty_space-158286018\">\n\t\t<span class=\"wtbx_empty_space_inner\"><\/span>\n<\/div>\n<\/div><\/div><\/div><\/div><\/div><\/div><\/div><\/div><\/div><\/div><\/div><\/div>\n","protected":false},"excerpt":{"rendered":"3 noci \u2013 ra\u0148ajky zadarmo bal\u00ed\u010dek Miracle Seasons - Apartm\u00e1ny Dem\u00e4nov\u00e1 3 noci \u2013 ra\u0148ajky zadarmo bal\u00ed\u010dekCena: 95\u20ac\/noc Rezervujte pobyt na 3 noci a ra\u0148ajky m\u00e1te ZADARMO! U\u017eite si nezabudnute\u013en\u00fd pobyt pln\u00fd oddychu a relaxu v kr\u00e1snom prostred\u00ed v srdci Liptova. V cene pobytu ubytovanie v dvojl\u00f4\u017ekovej izbe alebo rodinnej izbe Ra\u0148ajky: na v\u00fdber z 2 mo\u017enost\u00ed 10 eur\/osoba\/bufet u na\u0161ich susedov, kde m\u00f4\u017eete prejs\u0165 v papu\u010dk\u00e1ch... 10 eur\/osoba\/ ra\u0148ajkov\u00fd ko\u0161\u00edk pred dvere..... welcome drink [...]","protected":false},"author":1,"featured_media":0,"parent":902,"menu_order":0,"comment_status":"closed","ping_status":"closed","template":"","meta":{"_monsterinsights_skip_tracking":false,"_monsterinsights_sitenote_active":false,"_monsterinsights_sitenote_note":"","_monsterinsights_sitenote_category":0,"footnotes":""},"class_list":["post-973","page","type-page","status-publish","hentry"],"aioseo_notices":[],"_links":{"self":[{"href":"https:\/\/www.miracleseasons.sk\/en\/wp-json\/wp\/v2\/pages\/973","targetHints":{"allow":["GET"]}}],"collection":[{"href":"https:\/\/www.miracleseasons.sk\/en\/wp-json\/wp\/v2\/pages"}],"about":[{"href":"https:\/\/www.miracleseasons.sk\/en\/wp-json\/wp\/v2\/types\/page"}],"author":[{"embeddable":true,"href":"https:\/\/www.miracleseasons.sk\/en\/wp-json\/wp\/v2\/users\/1"}],"replies":[{"embeddable":true,"href":"https:\/\/www.miracleseasons.sk\/en\/wp-json\/wp\/v2\/comments?post=973"}],"version-history":[{"count":4,"href":"https:\/\/www.miracleseasons.sk\/en\/wp-json\/wp\/v2\/pages\/973\/revisions"}],"predecessor-version":[{"id":982,"href":"https:\/\/www.miracleseasons.sk\/en\/wp-json\/wp\/v2\/pages\/973\/revisions\/982"}],"up":[{"embeddable":true,"href":"https:\/\/www.miracleseasons.sk\/en\/wp-json\/wp\/v2\/pages\/902"}],"wp:attachment":[{"href":"https:\/\/www.miracleseasons.sk\/en\/wp-json\/wp\/v2\/media?parent=973"}],"curies":[{"name":"wp","href":"https:\/\/api.w.org\/{rel}","templated":true}]}}